{"id":1356,"date":"2009-12-16T13:11:53","date_gmt":"2009-12-16T12:11:53","guid":{"rendered":"http:\/\/unser-niedersaubach.de\/?page_id=1356"},"modified":"2018-05-21T16:10:39","modified_gmt":"2018-05-21T15:10:39","slug":"dr-alfons-martz","status":"publish","type":"page","link":"https:\/\/unser-niedersaubach.de\/?page_id=1356","title":{"rendered":"Dr. Alfons Martz"},"content":{"rendered":"<p style=\"text-align: justify;\"><span style=\"color: #000000;\">Dr. Alfons Martz war von 1946 bis 1950 als Seelsorger in Niedersaubach t\u00e4tig. Er feierte regelm\u00e4\u00dfig Gottesdienst (in seiner Zeit fanden erstmals regelm\u00e4\u00dfig sonntags und werktags Gottesdienste in unserer Kapelle statt), er machte Hausbesuche bei den Kranken, und mancher Saubacher B\u00fcrger lernte ihn als v\u00e4terlichen Berater oder Freund sch\u00e4tzen. Besonders gesch\u00e4tzt wurde seine leutselige Art, mit der er leicht mit jedermann ins Gespr\u00e4ch kam.<\/span><\/p>\n<p style=\"text-align: justify;\"><span style=\"color: #000000;\">Ein besonderes Ereignis in der Saubacher Zeit des Dr. Martz, an dem das ganze Dorf Anteil nahm, war die Primiz des Neupriesters Leonard Drozd am 14. Juli 1947. Leonard Drozd stammte aus der Di\u00f6zese Olm\u00fctz, der auch Dr. Martz angeh\u00f6rte. Da Leonard Drozd als Fl\u00fcchtling seine Primiz nicht in seiner Heimat feiern konnte, richtete Dr. Martz ihm seine Primizfeier in Niedersaubach aus.<\/span><\/p>\n<p><a class=\"wpGallery\" title=\"Leonhard Drozd, Primiz 1946\" href=\"http:\/\/unser-niedersaubach.de\/Fotos\/Leonhard-Drozd\/index.htm\" target=\"_blank\" rel=\"noopener\"><img loading=\"lazy\" decoding=\"async\" class=\"size-full wp-image-1366 \" title=\"1947_Primiz\" src=\"http:\/\/unser-niedersaubach.de\/wp-content\/uploads\/2009\/12\/1947_Primiz.jpg\" alt=\"Primiz 1947, Foto: Jakob Britz\" width=\"450\" height=\"423\" srcset=\"https:\/\/unser-niedersaubach.de\/wp-content\/uploads\/2009\/12\/1947_Primiz.jpg 500w, https:\/\/unser-niedersaubach.de\/wp-content\/uploads\/2009\/12\/1947_Primiz-300x282.jpg 300w\" sizes=\"auto, (max-width: 450px) 100vw, 450px\" \/><\/a><\/p>\n<p style=\"text-align: center;\"><span style=\"color: #ff0000;\">Dieses Startbild anklicken, um zur Fotoshow zu kommen!<\/span><\/p>\n<p style=\"text-align: justify;\"><span style=\"color: #000000;\">Dr. Alfons Martz war als Lehrer am Gymnasium in Lebach t\u00e4tig. Er wohnte in Niedersaubach zur Miete bei Familie Schmidt (Beitzer Pitt) zum Wiesengrund. In Lebach in der Jabacher Stra\u00dfe baute er sich ein kleines Haus (Haus &#8222;Cor-Ma-Jo&#8220;), das er 1950 bezog.<\/span><\/p>\n<h3 style=\"text-align: justify;\"><span style=\"color: #000000;\">Die Stationen seines Lebensweges<\/span><\/h3>\n<p style=\"text-align: justify;\"><span style=\"color: #000000;\">Geboren wurde Alfons Martz am 22.03.1890 in Gerstheim\/ Elsass (Di\u00f6zese Stra\u00dfburg). 1903 trat er als Sch\u00fcler in das Missionshaus St. Wendel (SVD &#8211; Steyler) ein. 1911 begann er in St. Gabriel, Wien, das Ordensnoviziat. 1914 legte er in St. Gabriel die Ordensgel\u00fcbde ab; im gleichen Jahr (03.09.1914) empfing er dort die Priesterweihe. Es folgten weitere Studienjahre und die Kriegszeit (1. Weltkrieg).<\/span><\/p>\n<p style=\"text-align: justify;\"><span style=\"color: #000000;\">Von 1918 bis 1925 wirkte er im Missionshaus St. Wendel. Es folgten Eins\u00e4tze in 4 weiteren Ordensh\u00e4usern der SVD:<\/span><\/p>\n<p style=\"text-align: justify; padding-left: 30px;\"><span style=\"color: #000000;\">1926 &#8211; 1927 in St. Albert, Mehlsack, Ostpreu\u00dfen,<br \/>\n1928 &#8211; 1929 in Heiligkreuz, Nei\u00dfe, Schlesien<br \/>\n1930 &#8211; 1932 im Collegium ad B. Herm. Josephum, M\u00fcnster i. W.,<br \/>\n1933 &#8211; 1937 in Heiligkreuz, Nei\u00dfe, Schlesien.<\/span><\/p>\n<p style=\"text-align: justify;\"><span style=\"color: #000000;\">1938 verlie\u00df Dr. Martz die SVD und fand Anstellung als Pfarrer in der Di\u00f6zese Olm\u00fctz. Zum Ende des 2. Weltkrieges fl\u00fcchtete er Richtung Westen. Seine Flucht f\u00fchrte ihn in die N\u00e4he seiner Heimat und endete in Niedersaubach.<\/span><\/p>\n<p style=\"text-align: justify;\"><span style=\"color: #000000;\">Da ihm eine feste Anstellung (Verbeamtung) im saarl\u00e4ndischen Schuldienst verwehrt blieb, wechselte er an das Gymnasium (Internat) in Niedersassbach im Schwarzwald. Von dort ging er nach Vorderburg im Allg\u00e4u, wo er bis zu seinem Tod am 04.05.1970 als Pfarrer t\u00e4tig war.<\/span><\/p>\n<p style=\"text-align: center;\"><span style=\"color: #000000;\"><img loading=\"lazy\" decoding=\"async\" class=\"aligncenter size-full wp-image-1362\" title=\"martz_500\" src=\"http:\/\/unser-niedersaubach.de\/wp-content\/uploads\/2009\/12\/martz_500.jpg\" alt=\"martz_500\" width=\"450\" height=\"355\" srcset=\"https:\/\/unser-niedersaubach.de\/wp-content\/uploads\/2009\/12\/martz_500.jpg 500w, https:\/\/unser-niedersaubach.de\/wp-content\/uploads\/2009\/12\/martz_500-300x236.jpg 300w\" sizes=\"auto, (max-width: 450px) 100vw, 450px\" \/><\/span><\/p>\n<p style=\"text-align: justify;\"><span style=\"color: #000000;\">Josef Heinrich<\/span><\/p>\n","protected":false},"excerpt":{"rendered":"<p>Dr. Alfons Martz war von 1946 bis 1950 als Seelsorger in Niedersaubach t\u00e4tig. Er feierte regelm\u00e4\u00dfig Gottesdienst (in seiner Zeit fanden erstmals regelm\u00e4\u00dfig sonntags und werktags Gottesdienste in unserer Kapelle statt), er machte Hausbesuche bei den Kranken, und mancher Saubacher &hellip; <a href=\"https:\/\/unser-niedersaubach.de\/?page_id=1356\">Weiterlesen <span class=\"meta-nav\">&rarr;<\/span><\/a><\/p>\n","protected":false},"author":2,"featured_media":0,"parent":35,"menu_order":1,"comment_status":"closed","ping_status":"closed","template":"","meta":{"ngg_post_thumbnail":0,"footnotes":""},"class_list":["post-1356","page","type-page","status-publish","hentry"],"_links":{"self":[{"href":"https:\/\/unser-niedersaubach.de\/index.php?rest_route=\/wp\/v2\/pages\/1356","targetHints":{"allow":["GET"]}}],"collection":[{"href":"https:\/\/unser-niedersaubach.de\/index.php?rest_route=\/wp\/v2\/pages"}],"about":[{"href":"https:\/\/unser-niedersaubach.de\/index.php?rest_route=\/wp\/v2\/types\/page"}],"author":[{"embeddable":true,"href":"https:\/\/unser-niedersaubach.de\/index.php?rest_route=\/wp\/v2\/users\/2"}],"replies":[{"embeddable":true,"href":"https:\/\/unser-niedersaubach.de\/index.php?rest_route=%2Fwp%2Fv2%2Fcomments&post=1356"}],"version-history":[{"count":16,"href":"https:\/\/unser-niedersaubach.de\/index.php?rest_route=\/wp\/v2\/pages\/1356\/revisions"}],"predecessor-version":[{"id":7706,"href":"https:\/\/unser-niedersaubach.de\/index.php?rest_route=\/wp\/v2\/pages\/1356\/revisions\/7706"}],"up":[{"embeddable":true,"href":"https:\/\/unser-niedersaubach.de\/index.php?rest_route=\/wp\/v2\/pages\/35"}],"wp:attachment":[{"href":"https:\/\/unser-niedersaubach.de\/index.php?rest_route=%2Fwp%2Fv2%2Fmedia&parent=1356"}],"curies":[{"name":"wp","href":"https:\/\/api.w.org\/{rel}","templated":true}]}}