{"id":2602,"date":"2011-05-17T15:12:54","date_gmt":"2011-05-17T14:12:54","guid":{"rendered":"http:\/\/unser-niedersaubach.de\/?page_id=2602"},"modified":"2023-10-01T11:16:55","modified_gmt":"2023-10-01T10:16:55","slug":"josef-adam","status":"publish","type":"page","link":"https:\/\/unser-niedersaubach.de\/?page_id=2602","title":{"rendered":"Josef Adam"},"content":{"rendered":"<p style=\"text-align: justify;\"><span style=\"color: #000000;\">Josef Adam ist geboren am 17.02.1908 und gefallen am 14.04.1945.<br \/>\n<\/span><\/p>\n<p style=\"text-align: justify;\"><span style=\"color: #000000;\">Sein Vater ist der legend\u00e4re Niedersaubacher <span style=\"color: #0000ff;\"><a title=\"Dorfschullehrer Peter Adam\" href=\"http:\/\/unser-niedersaubach.de\/?p=875\"><span style=\"color: #0000ff;\"><strong>Dorfschullehrer Peter Adam<\/strong><\/span><\/a><\/span> (* 1866 in Born\/ Luxemburg, + 1943 in Lebach), der seit der Er\u00f6ffnung der Niedersaubacher Volksschule im Jahr 1901 bis ins Jahr 1929 die Jugend des Dorfes p\u00e4dagogisch formte (zum Gro\u00dfteil allein; bis 1920 unterrichtete er ganz allein die 8 Jahrg\u00e4nge der D\u00f6rfer Niedersaubach und R\u00fcmmelbach; das waren 1920 101 Sch\u00fclerinnen und Sch\u00fcler). Seine Mutter war&nbsp;Anna B\u00f6ttel (* 1870 in Massholder\/ Bitburg, + 1950 in Lebach).<\/span><\/p>\n<p style=\"text-align: justify;\">Josef Adam war der drittj\u00fcngste Sohn der Eheleute Adam-B\u00f6ttel; von den 7 S\u00f6hnen (es gab noch 2 T\u00f6chter) fielen 4 im 2. Weltkrieg: <a title=\"Bernhard Adam\" href=\"http:\/\/unser-niedersaubach.de\/?page_id=2598\"><strong><span style=\"color: #0000ff;\">Bernhard<\/span><\/strong><\/a>, Josef,<a title=\"Karl Adam\" href=\"http:\/\/unser-niedersaubach.de\/?page_id=2604\"><strong><span style=\"color: #0000ff;\"> Karl<\/span><\/strong><\/a> und <a title=\"Matthias Adam\" href=\"http:\/\/unser-niedersaubach.de\/?page_id=2612\"><strong><span style=\"color: #0000ff;\">Matthias<\/span><\/strong><\/a>. Der \u00c4lteste namens Johann war au\u00dferdem schwer kriegsversehrt.<\/p>\n<p style=\"text-align: justify;\"><span style=\"color: #000000;\">Josef Peter Adam ist im Storb&#8217;schen Familienbuch unter dem Eintrag Nr. 5 zu finden. Als Todesort nennt Storb Bergen bei Celle.<\/span><\/p>\n<div id=\"attachment_3428\" style=\"width: 460px\" class=\"wp-caption aligncenter\"><img loading=\"lazy\" decoding=\"async\" aria-describedby=\"caption-attachment-3428\" class=\"size-full wp-image-3428\" title=\"a-josef_450\" src=\"http:\/\/unser-niedersaubach.de\/wp-content\/uploads\/2011\/05\/a-josef_450.jpg\" alt=\"\" width=\"450\" height=\"725\" srcset=\"https:\/\/unser-niedersaubach.de\/wp-content\/uploads\/2011\/05\/a-josef_450.jpg 450w, https:\/\/unser-niedersaubach.de\/wp-content\/uploads\/2011\/05\/a-josef_450-186x300.jpg 186w\" sizes=\"auto, (max-width: 450px) 100vw, 450px\" \/><p id=\"caption-attachment-3428\" class=\"wp-caption-text\">Totenbildchen von Josef Adam, Archiv: Peter Adam (Losheim)<\/p><\/div>\n<div id=\"attachment_3429\" style=\"width: 460px\" class=\"wp-caption aligncenter\"><img loading=\"lazy\" decoding=\"async\" aria-describedby=\"caption-attachment-3429\" class=\"size-full wp-image-3429\" title=\"a-josef_rueck_450\" src=\"http:\/\/unser-niedersaubach.de\/wp-content\/uploads\/2011\/05\/a-josef_rueck_450.jpg\" alt=\"\" width=\"450\" height=\"661\" srcset=\"https:\/\/unser-niedersaubach.de\/wp-content\/uploads\/2011\/05\/a-josef_rueck_450.jpg 450w, https:\/\/unser-niedersaubach.de\/wp-content\/uploads\/2011\/05\/a-josef_rueck_450-204x300.jpg 204w\" sizes=\"auto, (max-width: 450px) 100vw, 450px\" \/><p id=\"caption-attachment-3429\" class=\"wp-caption-text\">R\u00fcckseite des Totenbildchens von Josef Adam, Archiv: Peter Adam (Losheim)<\/p><\/div>\n<p>Josef Adam war ausweislich seines Totenbildchens nach Opladen verheiratet und hatte mit seiner Frau 2 Kinder: Max und Monika. Laut Auskunft seines Losheimer Neffen Peter Adam war er vor dem Krieg Besch\u00e4ftigter der Reichsbahn.<\/p>\n<p style=\"text-align: justify;\">&nbsp;Die WASt best\u00e4tigt am 3. Mai 2010 die Storb&#8217;schen Angaben: Der Panzergrenadier Josef Adam sei in Bergen bei Celle durch einen Bauchschuss umgekommen; er habe zuletzt in der 15. Kompanie des Panzergrenadierregimentes 51 gedient. Das Grab befinde sich in Lohheide (Block links, Reihe 2, Grab Nr. 4).<\/p>\n<div id=\"attachment_3818\" style=\"width: 460px\" class=\"wp-caption aligncenter\"><img loading=\"lazy\" decoding=\"async\" aria-describedby=\"caption-attachment-3818\" class=\"size-full wp-image-3818\" title=\"wast\" src=\"http:\/\/unser-niedersaubach.de\/wp-content\/uploads\/2011\/05\/wast6.jpg\" alt=\"\" width=\"450\" height=\"76\" srcset=\"https:\/\/unser-niedersaubach.de\/wp-content\/uploads\/2011\/05\/wast6.jpg 450w, https:\/\/unser-niedersaubach.de\/wp-content\/uploads\/2011\/05\/wast6-300x50.jpg 300w\" sizes=\"auto, (max-width: 450px) 100vw, 450px\" \/><p id=\"caption-attachment-3818\" class=\"wp-caption-text\">Josef Adam laut WASt im Schreiben vom 3. Mai 2010<\/p><\/div>\n<p style=\"text-align: justify;\"><a title=\"Panzergrenadierregiment 51, Quelle: Lexikon der Wehrmacht\" href=\"http:\/\/www.lexikon-der-wehrmacht.de\/Gliederungen\/Panzergrenadierregimenter\/PGR51-R.htm\" target=\"_blank\" rel=\"noopener\"><strong><span style=\"color: #0000ff;\">Das Panzergrenadierregiment 51, das die WASt als letzte milit\u00e4rische Verwendungsstelle f\u00fcr den Grenadier Josef Adam nennt, wurde laut Lexikon der Wehrmacht erst am 17. November 1944 aufgestellt.<\/span><\/strong><\/a> Es sei Ersatz gewesen f\u00fcr das bei Mogilew vernichtete motorisierte Panzerregiment 51 (was f\u00fcr ein Zufall: bei Mogilew kam sein Bruder Bernhard um &#8211; und dort liegt Bernhard Adam immer noch begraben). Wo Josef Adam vorher eingesetzt war, ist uns nicht bekannt. Der in der WASt-Meldung bezeichnete Bauchschuss trifft unseren Soldaten in einer Phase, in der sowohl dieses Regiment als auch die <a title=\"18. Panzergrenadierdivision; Quelle: Lexikon der Wehrmacht\" href=\"http:\/\/www.lexikon-der-wehrmacht.de\/Gliederungen\/Panzergrenadierdivisionen\/18PGD-R.htm\" target=\"_blank\" rel=\"noopener\"><strong><span style=\"color: #0000ff;\">18. Panzergrenadierdivision<\/span><\/strong><\/a>, der es unterstellt war, in Aufl\u00f6sung begriffen waren.<\/p>\n<p style=\"text-align: justify;\"><span style=\"color: #0000ff;\">Dem Volksbund ist seine Grablage in Lohheide bekannt.<\/span><\/p>\n<p style=\"text-align: justify;\"><a title=\"Lohheide bei Bergen\/ Celle (Niedersachsen), Quelle: maps.google.de\" href=\"https:\/\/maps.app.goo.gl\/LXna5frScCyepDAA6\" target=\"_blank\" rel=\"noopener\"><strong><span style=\"color: #0000ff;\">Die Kartenansicht \u00fcber die Grablage ist hier zu \u00f6ffnen (einfach diesen Link anklicken).<\/span><\/strong><\/a><\/p>\n<p style=\"text-align: justify;\"><span style=\"color: #000000;\">Peter Adam, sein Neffe aus Losheim,<\/span> hat seine Grablage auch beim &#8222;<strong><a title=\"Onlineprojekt Gefallenendenkm\u00e4ler\" href=\"http:\/\/www.denkmalprojekt.org\/dkm_deutschland\/lohheide_kgs_wk2_ns.htm\" target=\"_blank\" rel=\"noopener\"><span style=\"color: #0000ff;\">Onlineprojekt Gefallenendenkm\u00e4ler<\/span><\/a><\/strong>&#8220; ausfindig gemacht. Er schreibt im September 2011: &#8222;Mein Onkel Josef ist auf dem Soldaten-Ehrenfriedhof in Lohheide, Landkreis Celle, beigesetzt (nicht KZ-Ehrenfriedhof Bergen bei Celle).&#8220;<\/p>\n<p style=\"text-align: justify;\">Eine Mitarbeiterin der Gemeinde Bergen hat ihm die Grablage seines Onkels fotografiert.<\/p>\n<div id=\"attachment_3602\" style=\"width: 460px\" class=\"wp-caption aligncenter\"><a title=\"Grablage von Josef Adam in Lohheide; Fotos: Anne Ruhrmann\" href=\"http:\/\/unser-niedersaubach.de\/Dokumente\/WKII\/Josef-Adam\/index.htm\" target=\"_blank\" rel=\"noopener\"><img loading=\"lazy\" decoding=\"async\" aria-describedby=\"caption-attachment-3602\" class=\"size-full wp-image-3602\" title=\"Foto_Anne-Ruhrmann_450\" src=\"http:\/\/unser-niedersaubach.de\/wp-content\/uploads\/2011\/05\/Foto_Anne-Ruhrmann_450.jpg\" alt=\"\" width=\"450\" height=\"300\" srcset=\"https:\/\/unser-niedersaubach.de\/wp-content\/uploads\/2011\/05\/Foto_Anne-Ruhrmann_450.jpg 450w, https:\/\/unser-niedersaubach.de\/wp-content\/uploads\/2011\/05\/Foto_Anne-Ruhrmann_450-300x200.jpg 300w\" sizes=\"auto, (max-width: 450px) 100vw, 450px\" \/><\/a><p id=\"caption-attachment-3602\" class=\"wp-caption-text\">Grablage von Josef Adam in Lohheide, Foto: Stadt Bergen<\/p><\/div>\n<p style=\"text-align: center;\"><span style=\"color: #ff0000;\">Dieses Startbild anklicken, um die Fotoschau zu sehen!<\/span><\/p>\n<p style=\"text-align: right;\"><em>Stand der Angaben: 09 2011<\/em><\/p>\n","protected":false},"excerpt":{"rendered":"<p>Josef Adam ist geboren am 17.02.1908 und gefallen am 14.04.1945. Sein Vater ist der legend\u00e4re Niedersaubacher Dorfschullehrer Peter Adam (* 1866 in Born\/ Luxemburg, + 1943 in Lebach), der seit der Er\u00f6ffnung der Niedersaubacher Volksschule im Jahr 1901 bis ins &hellip; <a href=\"https:\/\/unser-niedersaubach.de\/?page_id=2602\">Weiterlesen <span class=\"meta-nav\">&rarr;<\/span><\/a><\/p>\n","protected":false},"author":2,"featured_media":0,"parent":2593,"menu_order":2,"comment_status":"closed","ping_status":"closed","template":"","meta":{"ngg_post_thumbnail":0,"footnotes":""},"class_list":["post-2602","page","type-page","status-publish","hentry"],"_links":{"self":[{"href":"https:\/\/unser-niedersaubach.de\/index.php?rest_route=\/wp\/v2\/pages\/2602","targetHints":{"allow":["GET"]}}],"collection":[{"href":"https:\/\/unser-niedersaubach.de\/index.php?rest_route=\/wp\/v2\/pages"}],"about":[{"href":"https:\/\/unser-niedersaubach.de\/index.php?rest_route=\/wp\/v2\/types\/page"}],"author":[{"embeddable":true,"href":"https:\/\/unser-niedersaubach.de\/index.php?rest_route=\/wp\/v2\/users\/2"}],"replies":[{"embeddable":true,"href":"https:\/\/unser-niedersaubach.de\/index.php?rest_route=%2Fwp%2Fv2%2Fcomments&post=2602"}],"version-history":[{"count":22,"href":"https:\/\/unser-niedersaubach.de\/index.php?rest_route=\/wp\/v2\/pages\/2602\/revisions"}],"predecessor-version":[{"id":9131,"href":"https:\/\/unser-niedersaubach.de\/index.php?rest_route=\/wp\/v2\/pages\/2602\/revisions\/9131"}],"up":[{"embeddable":true,"href":"https:\/\/unser-niedersaubach.de\/index.php?rest_route=\/wp\/v2\/pages\/2593"}],"wp:attachment":[{"href":"https:\/\/unser-niedersaubach.de\/index.php?rest_route=%2Fwp%2Fv2%2Fmedia&parent=2602"}],"curies":[{"name":"wp","href":"https:\/\/api.w.org\/{rel}","templated":true}]}}