{"id":2620,"date":"2011-05-17T15:22:41","date_gmt":"2011-05-17T14:22:41","guid":{"rendered":"http:\/\/unser-niedersaubach.de\/?page_id=2620"},"modified":"2021-07-08T15:02:03","modified_gmt":"2021-07-08T14:02:03","slug":"alois-feld","status":"publish","type":"page","link":"https:\/\/unser-niedersaubach.de\/?page_id=2620","title":{"rendered":"Alois Feld"},"content":{"rendered":"<p style=\"text-align: justify;\"><span style=\"color: #000000;\">Alois Feld ist bei Gerhard Storb zu finden unter dem Eintrag-Nr.: 740; er ist geboren am 1. Juni 1910 in Bettstadt\/ Piesbach (Nalbach). Wie seine Tochter Adelinde berichtete, arbeitete er vor Ausbruch des Krieges am Hochofen auf der Dillinger H\u00fctte.<br \/>\n<\/span><\/p>\n<div id=\"attachment_3353\" style=\"width: 460px\" class=\"wp-caption aligncenter\"><img loading=\"lazy\" decoding=\"async\" aria-describedby=\"caption-attachment-3353\" class=\"size-full wp-image-3353\" title=\"Eheleute-Feld_450\" src=\"http:\/\/unser-niedersaubach.de\/wp-content\/uploads\/2011\/05\/Eheleute-Feld_450.jpg\" alt=\"\" width=\"450\" height=\"675\" srcset=\"https:\/\/unser-niedersaubach.de\/wp-content\/uploads\/2011\/05\/Eheleute-Feld_450.jpg 450w, https:\/\/unser-niedersaubach.de\/wp-content\/uploads\/2011\/05\/Eheleute-Feld_450-200x300.jpg 200w\" sizes=\"auto, (max-width: 450px) 100vw, 450px\" \/><p id=\"caption-attachment-3353\" class=\"wp-caption-text\">Eheleute Maria (geb. Eckert) und Alois Feld 1939; Fotoarchiv: Adelinde Schu<\/p><\/div>\n<p style=\"text-align: justify;\"><span style=\"color: #000000;\">Am 13. November 1939 heiratete er in Piesbach Maria Eckert (Diwer) aus Niedersaubach; mit ihr zusammen brachte er 2 T\u00f6chter zur Welt: Adelinde (* 1940) und Afra (* 1943).<br \/>\n<\/span><\/p>\n<div id=\"attachment_3354\" style=\"width: 460px\" class=\"wp-caption aligncenter\"><img loading=\"lazy\" decoding=\"async\" aria-describedby=\"caption-attachment-3354\" class=\"size-full wp-image-3354\" title=\"Kinder_450\" src=\"http:\/\/unser-niedersaubach.de\/wp-content\/uploads\/2011\/05\/Kinder_450.jpg\" alt=\"\" width=\"450\" height=\"660\" srcset=\"https:\/\/unser-niedersaubach.de\/wp-content\/uploads\/2011\/05\/Kinder_450.jpg 450w, https:\/\/unser-niedersaubach.de\/wp-content\/uploads\/2011\/05\/Kinder_450-204x300.jpg 204w\" sizes=\"auto, (max-width: 450px) 100vw, 450px\" \/><p id=\"caption-attachment-3354\" class=\"wp-caption-text\">Papa Alois mit den T\u00f6chterchen Afra und Adelinde; Fotoarchiv: Adelinde Schu<\/p><\/div>\n<p style=\"text-align: justify;\"><span style=\"color: #000000;\">Alois Feld hat wohl von Anfang an am sogenannten Russlandfeldzug teilgenommen.&nbsp;<\/span> Das wird best\u00e4tigt durch ein Schreiben seiner Kompanie, die sich mit seinen besonderen Tapferkeitsauszeichnungen besch\u00e4ftigt.<\/p>\n<div id=\"attachment_3357\" style=\"width: 460px\" class=\"wp-caption aligncenter\"><a title=\"Auszeichnungen f\u00fcr Alois Feld am Beginn des sogenannten Russlandfeldzuges\" href=\"http:\/\/unser-niedersaubach.de\/Dokumente\/WKII\/Alois-Feld\/Auszeichnung.pdf\" target=\"_blank\" rel=\"noopener\"><img loading=\"lazy\" decoding=\"async\" aria-describedby=\"caption-attachment-3357\" class=\"size-full wp-image-3357\" title=\"Auszeichnung_450\" src=\"http:\/\/unser-niedersaubach.de\/wp-content\/uploads\/2011\/05\/Auszeichnung_450.jpg\" alt=\"\" width=\"450\" height=\"317\" srcset=\"https:\/\/unser-niedersaubach.de\/wp-content\/uploads\/2011\/05\/Auszeichnung_450.jpg 450w, https:\/\/unser-niedersaubach.de\/wp-content\/uploads\/2011\/05\/Auszeichnung_450-300x211.jpg 300w\" sizes=\"auto, (max-width: 450px) 100vw, 450px\" \/><\/a><p id=\"caption-attachment-3357\" class=\"wp-caption-text\">Tapferkeitsauszeichnungen des Obergefreiten Alois Feld zu Beginn des sogenannten Russlandfeldzuges; Archiv: Adelinde Schu<\/p><\/div>\n<p style=\"text-align: justify;\"><span style=\"color: #000000;\">Als Todesdatum wird in den Lebacher Familienb\u00fcchern der 19. Juli 1944 vermerkt; als Todesort wird (polnische Schreibweise) Tarnopol (ukrainisch: Ternopil) genannt.<\/span><\/p>\n<div id=\"attachment_3017\" style=\"width: 460px\" class=\"wp-caption aligncenter\"><img loading=\"lazy\" decoding=\"async\" aria-describedby=\"caption-attachment-3017\" class=\"size-full wp-image-3017\" title=\"Passbild\" src=\"http:\/\/unser-niedersaubach.de\/wp-content\/uploads\/2011\/05\/Passbild2.jpg\" alt=\"\" width=\"450\" height=\"708\" srcset=\"https:\/\/unser-niedersaubach.de\/wp-content\/uploads\/2011\/05\/Passbild2.jpg 450w, https:\/\/unser-niedersaubach.de\/wp-content\/uploads\/2011\/05\/Passbild2-190x300.jpg 190w\" sizes=\"auto, (max-width: 450px) 100vw, 450px\" \/><p id=\"caption-attachment-3017\" class=\"wp-caption-text\">Alois Feld, * 1910\/ + 1944, Fotoarchiv: Adelinde Schu<\/p><\/div>\n<div id=\"attachment_3352\" style=\"width: 460px\" class=\"wp-caption aligncenter\"><img loading=\"lazy\" decoding=\"async\" aria-describedby=\"caption-attachment-3352\" class=\"size-full wp-image-3352\" title=\"Uffz-Alois-Feld_2_450\" src=\"http:\/\/unser-niedersaubach.de\/wp-content\/uploads\/2011\/05\/Uffz-Alois-Feld_2_450.jpg\" alt=\"\" width=\"450\" height=\"628\" srcset=\"https:\/\/unser-niedersaubach.de\/wp-content\/uploads\/2011\/05\/Uffz-Alois-Feld_2_450.jpg 450w, https:\/\/unser-niedersaubach.de\/wp-content\/uploads\/2011\/05\/Uffz-Alois-Feld_2_450-214x300.jpg 214w\" sizes=\"auto, (max-width: 450px) 100vw, 450px\" \/><p id=\"caption-attachment-3352\" class=\"wp-caption-text\">Uffz Alois Feld; Fotoarchiv: Adelinde Schu<\/p><\/div>\n<p style=\"text-align: justify;\">Dieses Todesdatum best\u00e4tigt auch die WAST: Uffz Aloysius Feld sei am 19. Juli 1944 (Einheit: Sturmgesch\u00fctzabteilung 1175) bei Wymystowka (Raum Tarnopol) gefallen; er sei in seinem Panzer verbrannt; sein Grab befinde sich in Wymystowka\/ Tarnopol.<\/p>\n<div id=\"attachment_3825\" style=\"width: 460px\" class=\"wp-caption aligncenter\"><img loading=\"lazy\" decoding=\"async\" aria-describedby=\"caption-attachment-3825\" class=\"size-full wp-image-3825\" title=\"wast\" src=\"http:\/\/unser-niedersaubach.de\/wp-content\/uploads\/2011\/05\/wast9.jpg\" alt=\"\" width=\"450\" height=\"76\" srcset=\"https:\/\/unser-niedersaubach.de\/wp-content\/uploads\/2011\/05\/wast9.jpg 450w, https:\/\/unser-niedersaubach.de\/wp-content\/uploads\/2011\/05\/wast9-300x50.jpg 300w\" sizes=\"auto, (max-width: 450px) 100vw, 450px\" \/><p id=\"caption-attachment-3825\" class=\"wp-caption-text\">Alois Feld laut WASt im Schreiben vom 3. Mai 2010<\/p><\/div>\n<p style=\"text-align: justify;\"><strong><a title=\"Todesbenachrichtigung vom 30.07.1944\" href=\"http:\/\/unser-niedersaubach.de\/Dokumente\/WKII\/Alois-Feld\/Todesnachricht_30-07-1944.pdf\" target=\"_blank\" rel=\"noopener\"><span style=\"color: #0000ff;\">Seiner Tochter Adelinde liegt die beglaubigte Abschrift einer Todesbenachrichtigung vor, die sein Abteilungsf\u00fchrer, Leutnant Willi Drews, Ende Juli &#8217;44 an seine Witwe Maria schickte.<\/span><\/a><\/strong><span style=\"color: #000000;\"> H<\/span>ierin schildert Lt Drews die Umst\u00e4nde seines Todes am 19. Juli 1944 bei (polnisch geschrieben) Tarnopol (urkrainisch gesprochen: Ternopil).<\/p>\n<p style=\"text-align: justify;\"><a title=\"Grablage laut Volksbund\" href=\"http:\/\/www.volksbund.de\/index.php?id=1775&amp;tx_igverlustsuche_pi2[gid]=6d8d66d6aef73e2fed47126ab64ead5a\" target=\"_blank\" rel=\"noopener\"><span style=\"color: #0000ff;\"><strong>Auch der Volksbund hat seine ungef\u00e4hre Grablage erfasst.<\/strong><\/span><\/a><\/p>\n<div id=\"attachment_3020\" style=\"width: 460px\" class=\"wp-caption aligncenter\"><a title=\"Sturmgesch\u00fctz, wie es wahrscheinlich auch Uffz Alois Feld gefahren hat, als er im Juli 1944 verbrennt\" href=\"http:\/\/de.wikipedia.org\/w\/index.php?title=Datei:Bundesarchiv_Bild_183-J21826,_Russland,_Kampf_um_Stalingrad,_Sturmgesch%C3%BCtz.jpg&amp;filetimestamp=20081204171827\" target=\"_blank\" rel=\"noopener\"><img loading=\"lazy\" decoding=\"async\" aria-describedby=\"caption-attachment-3020\" class=\"size-full wp-image-3020\" title=\"Russland, Kampf um Stalingrad, Sturmgesch\u00fctz\" src=\"http:\/\/unser-niedersaubach.de\/wp-content\/uploads\/2011\/05\/Sturmgeschuetz1.jpg\" alt=\"\" width=\"450\" height=\"309\" srcset=\"https:\/\/unser-niedersaubach.de\/wp-content\/uploads\/2011\/05\/Sturmgeschuetz1.jpg 450w, https:\/\/unser-niedersaubach.de\/wp-content\/uploads\/2011\/05\/Sturmgeschuetz1-300x206.jpg 300w\" sizes=\"auto, (max-width: 450px) 100vw, 450px\" \/><\/a><p id=\"caption-attachment-3020\" class=\"wp-caption-text\">Sturmgesch\u00fctz, Foto: Bundesarchiv, gemeinfrei laut Wikipedia<\/p><\/div>\n<p style=\"text-align: justify;\">Alois Feld diente zuletzt als Unteroffizier in einer Sturmgesch\u00fctzabteilung (Nr. 1175); diese Einheit war der 75. Infanterie-Division unterstellt; die Feldpostnummer lautete: <strong>07026<\/strong>.<\/p>\n<p style=\"text-align: justify;\">Seit April 1944 war diese Division der 1. Panzerarmee&nbsp; bei Brody in der Nordukraine unterstellt. <span style=\"color: #0000ff;\"><strong><a title=\"Fester Platz &quot;Tarnopol&quot;; Quelle &quot;Wikipedia&quot;\" href=\"http:\/\/de.wikipedia.org\/wiki\/Fester_Platz\" target=\"_blank\" rel=\"noopener\">Dort wurde die Division in das &#8222;Feste-Pl\u00e4tze&#8220;-Konzept des &#8222;Gr\u00f6\u00dften F\u00fchrers aller Zeiten&#8220; &#8211; gegen den ausdr\u00fccklichen Rat der vor Ort verantwortlichen Generalit\u00e4t &#8211; eingebunden.<\/a> <\/strong><\/span>Diese katastrophale Festsetzungsstrategie brachte die v\u00f6llige Vernichtung &#8211; nicht nur &#8211; der 1. Panzerarmee in Tarnopol. In diesen Untergang war im Sommer 1944 auch die Sturmgesch\u00fctz-Abteilung des Uffz Alois Feld hoffnungslos eingeschlossen.<\/p>\n<p style=\"text-align: justify;\">Uffz Alois Feld war ein hochdekorierter Soldat; er war Tr\u00e4ger des Eisernen Kreuzes 1. Klasse.<\/p>\n<div id=\"attachment_3021\" style=\"width: 460px\" class=\"wp-caption aligncenter\"><img loading=\"lazy\" decoding=\"async\" aria-describedby=\"caption-attachment-3021\" class=\"size-full wp-image-3021\" title=\"Uffz-Alois-Feld_450\" src=\"http:\/\/unser-niedersaubach.de\/wp-content\/uploads\/2011\/05\/Uffz-Alois-Feld_450.jpg\" alt=\"\" width=\"450\" height=\"709\" srcset=\"https:\/\/unser-niedersaubach.de\/wp-content\/uploads\/2011\/05\/Uffz-Alois-Feld_450.jpg 450w, https:\/\/unser-niedersaubach.de\/wp-content\/uploads\/2011\/05\/Uffz-Alois-Feld_450-190x300.jpg 190w\" sizes=\"auto, (max-width: 450px) 100vw, 450px\" \/><p id=\"caption-attachment-3021\" class=\"wp-caption-text\">Uffz Alois Feld, Tr\u00e4ger des Eisernen Kreuzes 1. Klasse, Fotoarchiv: Adelinde Schu<\/p><\/div>\n<p style=\"text-align: justify;\"><span style=\"color: #000000;\">Alois Feld wurde wohl am Anfang des Krieges (seine Tochter Adelinde erinnert sich nicht mehr genau an das Kriegsjahr, aber an die Tatsache) an der Ostfront so schwer verwundet, dass er in einem Heimatlazarett (sie meint sich zu erinnern: in Landau) behandelt werden musste.<\/span><\/p>\n<div id=\"attachment_3355\" style=\"width: 460px\" class=\"wp-caption aligncenter\"><img loading=\"lazy\" decoding=\"async\" aria-describedby=\"caption-attachment-3355\" class=\"size-full wp-image-3355\" title=\"Verwundung_450\" src=\"http:\/\/unser-niedersaubach.de\/wp-content\/uploads\/2011\/05\/Verwundung_450.jpg\" alt=\"\" width=\"450\" height=\"661\" srcset=\"https:\/\/unser-niedersaubach.de\/wp-content\/uploads\/2011\/05\/Verwundung_450.jpg 450w, https:\/\/unser-niedersaubach.de\/wp-content\/uploads\/2011\/05\/Verwundung_450-204x300.jpg 204w\" sizes=\"auto, (max-width: 450px) 100vw, 450px\" \/><p id=\"caption-attachment-3355\" class=\"wp-caption-text\">Die Verwundung musste in einem Heimatlazarett behandelt werden; Fotoarchiv: Adelinde Schu<\/p><\/div>\n<p style=\"text-align: justify;\">In seinen Briefen brachte er die Sehnsucht nach der Heimat, seiner Frau und seinen beiden T\u00f6chtern immer eindringlicher zum Ausdruck; \u00fcberliefert sind hier die Briefe vom <a title=\"Brief vom 3. April 1942\" href=\"http:\/\/unser-niedersaubach.de\/Dokumente\/WKII\/Alois-Feld\/Brief_03-04-1942.pdf\" target=\"_blank\" rel=\"noopener\"><span style=\"color: #0000ff;\"><strong>3. April 1942<\/strong><\/span><\/a>, vom <a title=\"Brief vom 6. Februar 1942\" href=\"http:\/\/unser-niedersaubach.de\/Dokumente\/WKII\/Alois-Feld\/Brief_06-02-1944.pdf\" target=\"_blank\" rel=\"noopener\"><span style=\"color: #0000ff;\"><strong>6. Februar 1944<\/strong><\/span><\/a>, vom <a title=\"Brief vom 13. Februar 1944\" href=\"http:\/\/unser-niedersaubach.de\/Dokumente\/WKII\/Alois-Feld\/Brief_13-02-1944.pdf\" target=\"_blank\" rel=\"noopener\"><span style=\"color: #0000ff;\"><strong>13. Februar 1944<\/strong><\/span><\/a>, vom <a title=\"Brief vom 22. Februar 1944\" href=\"http:\/\/unser-niedersaubach.de\/Dokumente\/WKII\/Alois-Feld\/Brief_22-02-1944.pdf\" target=\"_blank\" rel=\"noopener\"><span style=\"color: #0000ff;\"><strong>22. Februar 1944<\/strong><\/span><\/a>, vom <a title=\"Brief vom 25. Mai 1944\" href=\"http:\/\/unser-niedersaubach.de\/Dokumente\/WKII\/Alois-Feld\/Brief_25-05-1944.pdf\" target=\"_blank\" rel=\"noopener\"><span style=\"color: #0000ff;\"><strong>25. Mai 1944<\/strong><\/span><\/a> und vom <a title=\"Brief vom 20. Juni 1944\" href=\"http:\/\/unser-niedersaubach.de\/Dokumente\/WKII\/Alois-Feld\/Brief_20-06-1944.pdf\" target=\"_blank\" rel=\"noopener\"><span style=\"color: #0000ff;\"><strong>20. Juni 1944<\/strong><\/span><\/a> (die Verkn\u00fcpfungen mit den hinterlegten Dokumenten einfach anklicken). Die Not des Frontsoldaten angesichts der sich immer weiter verschlechternden Lage wird dabei immer sp\u00fcrbarer.<\/p>\n<p style=\"text-align: justify;\"><span style=\"color: #000000;\">Seine Witwe Maria machte seinen Tod im August 1944 in Niedersaubach und Piesbach bekannt.&nbsp;<\/span><\/p>\n<div id=\"attachment_3022\" style=\"width: 460px\" class=\"wp-caption aligncenter\"><img loading=\"lazy\" decoding=\"async\" aria-describedby=\"caption-attachment-3022\" class=\"size-full wp-image-3022\" title=\"Sterbebildchen_450\" src=\"http:\/\/unser-niedersaubach.de\/wp-content\/uploads\/2011\/05\/Sterbebildchen_450.jpg\" alt=\"\" width=\"450\" height=\"722\"><p id=\"caption-attachment-3022\" class=\"wp-caption-text\">Sterbebildchen von Alois Feld; Fotoarchiv: Adelinde Schu<\/p><\/div>\n<p>&nbsp;<\/p>\n<p style=\"text-align: justify;\"><a title=\"Tarnopol, Ternopil bei maps.google.de\" href=\"http:\/\/maps.google.de\/maps?f=q&amp;source=embed&amp;hl=de&amp;geocode=&amp;q=Tarnopol,+Obw%C3%B3d+tarnopolski,+Ukraina&amp;sll=49.674738,25.004883&amp;sspn=3.917365,7.064209&amp;ie=UTF8&amp;hq=&amp;hnear=Ternopil,+Oblast+Ternopil,+Ukraine&amp;t=h&amp;z=12&amp;ll=49.553517,25.594767\" target=\"_blank\" rel=\"noopener\"><span style=\"color: #0000ff;\"><strong>Und hier kann man die geografische Lage von Tarnopol\/ Ternopil bei maps.google.de&nbsp; erfassen!<\/strong><\/span><\/a><\/p>\n<p style=\"text-align: right;\"><strong><small><a style=\"color: #0000ff; text-align: left;\" href=\"http:\/\/maps.google.de\/maps?f=q&amp;source=embed&amp;hl=de&amp;geocode=&amp;q=Tarnopol,+Obw%C3%B3d+tarnopolski,+Ukraina&amp;sll=49.674738,25.004883&amp;sspn=3.917365,7.064209&amp;ie=UTF8&amp;hq=&amp;hnear=Ternopil,+Oblast+Ternopil,+Ukraine&amp;t=h&amp;z=12&amp;ll=49.553517,25.594767\" target=\"_blank\" rel=\"noopener\">&nbsp;<\/a><\/small><\/strong><em>Stand der Angaben: Juli 2011<\/em><\/p>\n","protected":false},"excerpt":{"rendered":"<p>Alois Feld ist bei Gerhard Storb zu finden unter dem Eintrag-Nr.: 740; er ist geboren am 1. Juni 1910 in Bettstadt\/ Piesbach (Nalbach). Wie seine Tochter Adelinde berichtete, arbeitete er vor Ausbruch des Krieges am Hochofen auf der Dillinger H\u00fctte. &hellip; <a href=\"https:\/\/unser-niedersaubach.de\/?page_id=2620\">Weiterlesen <span class=\"meta-nav\">&rarr;<\/span><\/a><\/p>\n","protected":false},"author":2,"featured_media":0,"parent":2593,"menu_order":7,"comment_status":"closed","ping_status":"closed","template":"","meta":{"ngg_post_thumbnail":0,"footnotes":""},"class_list":["post-2620","page","type-page","status-publish","hentry"],"_links":{"self":[{"href":"https:\/\/unser-niedersaubach.de\/index.php?rest_route=\/wp\/v2\/pages\/2620","targetHints":{"allow":["GET"]}}],"collection":[{"href":"https:\/\/unser-niedersaubach.de\/index.php?rest_route=\/wp\/v2\/pages"}],"about":[{"href":"https:\/\/unser-niedersaubach.de\/index.php?rest_route=\/wp\/v2\/types\/page"}],"author":[{"embeddable":true,"href":"https:\/\/unser-niedersaubach.de\/index.php?rest_route=\/wp\/v2\/users\/2"}],"replies":[{"embeddable":true,"href":"https:\/\/unser-niedersaubach.de\/index.php?rest_route=%2Fwp%2Fv2%2Fcomments&post=2620"}],"version-history":[{"count":62,"href":"https:\/\/unser-niedersaubach.de\/index.php?rest_route=\/wp\/v2\/pages\/2620\/revisions"}],"predecessor-version":[{"id":8732,"href":"https:\/\/unser-niedersaubach.de\/index.php?rest_route=\/wp\/v2\/pages\/2620\/revisions\/8732"}],"up":[{"embeddable":true,"href":"https:\/\/unser-niedersaubach.de\/index.php?rest_route=\/wp\/v2\/pages\/2593"}],"wp:attachment":[{"href":"https:\/\/unser-niedersaubach.de\/index.php?rest_route=%2Fwp%2Fv2%2Fmedia&parent=2620"}],"curies":[{"name":"wp","href":"https:\/\/api.w.org\/{rel}","templated":true}]}}