{"id":2682,"date":"2011-05-17T16:02:11","date_gmt":"2011-05-17T15:02:11","guid":{"rendered":"http:\/\/unser-niedersaubach.de\/?page_id=2682"},"modified":"2018-05-21T16:04:04","modified_gmt":"2018-05-21T15:04:04","slug":"adolf-scherer","status":"publish","type":"page","link":"https:\/\/unser-niedersaubach.de\/?page_id=2682","title":{"rendered":"Adolf Scherer"},"content":{"rendered":"<p style=\"text-align: justify;\">Adolf Scherer aus der Holdt wurde nach Angaben seines Bruders Rudolf am 10. Mai 1935 geboren; beim Spielen mit Kriegsger\u00e4t verungl\u00fcckte er am 1. Mai 1945 gegen 14 Uhr t\u00f6dlich; der Unfall ereignete sich ungef\u00e4hr dort, wo sich heute das Antoniusheim befindet. Den Unfall \u00fcberlebte damals unbeschadet Benno Grohs (Brendels); Benno Grohs verungl\u00fcckte einige Jahre sp\u00e4ter t\u00f6dlich bei einem Arbeitsunfall.<\/p>\n<div id=\"attachment_4490\" style=\"width: 330px\" class=\"wp-caption aligncenter\"><img loading=\"lazy\" decoding=\"async\" aria-describedby=\"caption-attachment-4490\" class=\"size-full wp-image-4490\" title=\"Adolf-Scherer\" src=\"http:\/\/unser-niedersaubach.de\/wp-content\/uploads\/2011\/05\/Adolf-Scherer.jpg\" alt=\"\" width=\"320\" height=\"602\" srcset=\"https:\/\/unser-niedersaubach.de\/wp-content\/uploads\/2011\/05\/Adolf-Scherer.jpg 320w, https:\/\/unser-niedersaubach.de\/wp-content\/uploads\/2011\/05\/Adolf-Scherer-159x300.jpg 159w\" sizes=\"auto, (max-width: 320px) 100vw, 320px\" \/><p id=\"caption-attachment-4490\" class=\"wp-caption-text\">Adolf Scherer, Fotoarchiv: Rudolf Scherer<\/p><\/div>\n<p style=\"text-align: justify;\">Die Eltern von Adolf Scherer waren Johann Alois Scherer (* 1900\/ + 1968) und Anna Scherer, geb. Riehm, aus der Holdt; sie heirateten 1928. Zu finden sind sie bei Gerhard Storb unter der Eintrags-Nr. 2523.2; er hatte noch 3 Br\u00fcder und 1 Schwester.<\/p>\n<p style=\"text-align: justify;\">Ein Bruder von Adolf Scherer war <a title=\"Josef Scherer\" href=\"http:\/\/unser-niedersaubach.de\/?page_id=4424\"><strong><span style=\"color: #0000ff;\">Josef Urban Scherer<\/span><\/strong><\/a>, der 1944 in Hadamar ermordet wurde.<\/p>\n<p style=\"text-align: justify;\">Es wird berichtet, dass am Ungl\u00fcckstag im Jahr 1945 Adolf Scherer und Benno Grohs ein Rohr mit Schie\u00dfpulver stopften; Kriegsger\u00e4t und Kriegsmunition lag wohl in jenen Tagen \u00fcberall herum. Nachdem sie die Sprengladung gez\u00fcndet hatten, flogen ihnen die Metallsplitter des zerberstenden Rohres um die Ohren. Adolf Scherer wurde wohl v\u00f6llig zerfetzt; Matzen Marie, die nicht weit entfernt von der Unfallstelle wohnte und die Detonation wohl h\u00f6rte, soll seine Leichenteile auf einer Wolldecke eingesammelt und zur Familie in die Holdt getragen haben. Wie durch ein Wunder \u00fcberlebte der schwer geschockte Spielkamerad Benno Grohs. Schmitz Martha (Brendels) erinnert sich noch heute, wie ihr Schwager Benno mit blutverschmierten Kleidern nach Hause kam.<\/p>\n<p style=\"text-align: justify;\">Manfred Bohlen wei\u00df noch zu erz\u00e4hlen, dass Adolf Scherer in einem wei\u00dfen Kindersarg beerdigt wurde.<\/p>\n<p style=\"text-align: right;\"><em>Stand: 03.2012<\/em><\/p>\n","protected":false},"excerpt":{"rendered":"<p>Adolf Scherer aus der Holdt wurde nach Angaben seines Bruders Rudolf am 10. Mai 1935 geboren; beim Spielen mit Kriegsger\u00e4t verungl\u00fcckte er am 1. Mai 1945 gegen 14 Uhr t\u00f6dlich; der Unfall ereignete sich ungef\u00e4hr dort, wo sich heute das &hellip; <a href=\"https:\/\/unser-niedersaubach.de\/?page_id=2682\">Weiterlesen <span class=\"meta-nav\">&rarr;<\/span><\/a><\/p>\n","protected":false},"author":2,"featured_media":0,"parent":2677,"menu_order":2,"comment_status":"closed","ping_status":"closed","template":"","meta":{"ngg_post_thumbnail":0,"footnotes":""},"class_list":["post-2682","page","type-page","status-publish","hentry"],"_links":{"self":[{"href":"https:\/\/unser-niedersaubach.de\/index.php?rest_route=\/wp\/v2\/pages\/2682","targetHints":{"allow":["GET"]}}],"collection":[{"href":"https:\/\/unser-niedersaubach.de\/index.php?rest_route=\/wp\/v2\/pages"}],"about":[{"href":"https:\/\/unser-niedersaubach.de\/index.php?rest_route=\/wp\/v2\/types\/page"}],"author":[{"embeddable":true,"href":"https:\/\/unser-niedersaubach.de\/index.php?rest_route=\/wp\/v2\/users\/2"}],"replies":[{"embeddable":true,"href":"https:\/\/unser-niedersaubach.de\/index.php?rest_route=%2Fwp%2Fv2%2Fcomments&post=2682"}],"version-history":[{"count":8,"href":"https:\/\/unser-niedersaubach.de\/index.php?rest_route=\/wp\/v2\/pages\/2682\/revisions"}],"predecessor-version":[{"id":7689,"href":"https:\/\/unser-niedersaubach.de\/index.php?rest_route=\/wp\/v2\/pages\/2682\/revisions\/7689"}],"up":[{"embeddable":true,"href":"https:\/\/unser-niedersaubach.de\/index.php?rest_route=\/wp\/v2\/pages\/2677"}],"wp:attachment":[{"href":"https:\/\/unser-niedersaubach.de\/index.php?rest_route=%2Fwp%2Fv2%2Fmedia&parent=2682"}],"curies":[{"name":"wp","href":"https:\/\/api.w.org\/{rel}","templated":true}]}}