{"id":2914,"date":"2011-05-25T14:52:21","date_gmt":"2011-05-25T13:52:21","guid":{"rendered":"http:\/\/unser-niedersaubach.de\/?page_id=2914"},"modified":"2018-05-21T15:25:06","modified_gmt":"2018-05-21T14:25:06","slug":"2914-2","status":"publish","type":"page","link":"https:\/\/unser-niedersaubach.de\/?page_id=2914","title":{"rendered":"Peter Britz"},"content":{"rendered":"<p>________________________________________________________<\/p>\n<h2>Peter Britz (* 29.03.1894\/ + 04.01.1915)<\/h2>\n<p>________________________________________________________<\/p>\n<p style=\"text-align: justify;\">Der Bergmann Peter Britz (der Hausnamen ist &#8222;Freisen&#8220; im &#8222;Unnerschden Ecken&#8220;) ist laut Ortschronik als Rekrut eingezogen worden und bei einem Sturmangriff bei Sennheim gefallen; er diente als Musketier in der 11. Kompanie <strong><a title=\"IR 161\" href=\"http:\/\/www.mpg-trier.de\/d9\/trier_14_18\/projekt_03\/03_161.html\" target=\"_blank\" rel=\"noopener\"><span style=\"color: #0000ff;\">des K\u00f6niglich-Preu\u00dfischen Infanterie-Regimentes Nr. 161<\/span><\/a><\/strong><strong><a title=\"VIII. Armeekorps\" href=\"http:\/\/www.preussenweb.de\/preussstart.htm\" target=\"_blank\" rel=\"noopener\"><span style=\"color: #0000ff;\">,<\/span><\/a><\/strong><span style=\"color: #000000;\"> das IR 161 geh\u00f6rte <\/span><strong><a title=\"VIII. Armeekorps\" href=\"http:\/\/www.preussenweb.de\/preussstart.htm\" target=\"_blank\" rel=\"noopener\"><span style=\"color: #0000ff;\">zur 80. Infanterie-Brigade des VIII. Armeekorps<\/span><\/a><\/strong><span style=\"color: #000000;\"> und hatte <\/span><strong><a title=\"Standort Trier\" href=\"http:\/\/www.mpg-trier.de\/d9\/trier_14_18\/projekt_03\/03_garnison.html\" target=\"_blank\" rel=\"noopener\"><span style=\"color: #0000ff;\">seinen Heimat-Standort in Trier<\/span><\/a><span style=\"color: #0000ff;\">.<\/span><\/strong><\/p>\n<div id=\"attachment_3859\" style=\"width: 460px\" class=\"wp-caption aligncenter\"><img loading=\"lazy\" decoding=\"async\" aria-describedby=\"caption-attachment-3859\" class=\"size-full wp-image-3859\" title=\"Britz_Peter_1915_1_450\" src=\"http:\/\/unser-niedersaubach.de\/wp-content\/uploads\/2011\/05\/Britz_Peter_1915_1_450.jpg\" alt=\"\" width=\"450\" height=\"705\" srcset=\"https:\/\/unser-niedersaubach.de\/wp-content\/uploads\/2011\/05\/Britz_Peter_1915_1_450.jpg 450w, https:\/\/unser-niedersaubach.de\/wp-content\/uploads\/2011\/05\/Britz_Peter_1915_1_450-191x300.jpg 191w\" sizes=\"auto, (max-width: 450px) 100vw, 450px\" \/><p id=\"caption-attachment-3859\" class=\"wp-caption-text\">Sterbebildchen von Peter Britz, Archiv: Axel Alt (Bejtzer)<\/p><\/div>\n<div id=\"attachment_3860\" style=\"width: 460px\" class=\"wp-caption aligncenter\"><img loading=\"lazy\" decoding=\"async\" aria-describedby=\"caption-attachment-3860\" class=\"size-full wp-image-3860\" title=\"Britz_Peter_1915_2_450\" src=\"http:\/\/unser-niedersaubach.de\/wp-content\/uploads\/2011\/05\/Britz_Peter_1915_2_450.jpg\" alt=\"\" width=\"450\" height=\"695\" srcset=\"https:\/\/unser-niedersaubach.de\/wp-content\/uploads\/2011\/05\/Britz_Peter_1915_2_450.jpg 450w, https:\/\/unser-niedersaubach.de\/wp-content\/uploads\/2011\/05\/Britz_Peter_1915_2_450-194x300.jpg 194w\" sizes=\"auto, (max-width: 450px) 100vw, 450px\" \/><p id=\"caption-attachment-3860\" class=\"wp-caption-text\">Sterbebildchen von Peter Britz; Archiv: Axel Alt (Bejtzer)<\/p><\/div>\n<p style=\"text-align: justify;\">Sennheim (franz\u00f6sisch: Cernay) liegt im Oberelsass bei Thann. Ende Dezember 1915 versuchten die franz\u00f6sischen Streitkr\u00e4fte zum dritten Mal, M\u00fclhausen einzunehmen. Zwischen dem 27. Dezember 1914 und dem 8. Januar 1915 wurde um die H\u00f6he 425 westlich von Sennheim Tag f\u00fcr Tag erbittert gek\u00e4mpft. Bis Ende Dezember hatten sich auf dem in 956 Meter H\u00f6he, fast 700 Meter \u00fcber dem Rheintal gelegenen, dicht bewaldeten <strong><a title=\"Hartmannsweilerkopf\" href=\"http:\/\/www.hartmannsweilerkopf.de\" target=\"_blank\" rel=\"noopener\"><span style=\"color: #0000ff;\">Hartmannsweilerkopf<\/span><\/a> <\/strong>nur deutsche und franz\u00f6sische Kr\u00e4fte befunden, die sich gegenseitig beobachteten. Am 27. Dezember begannen nun erbitterte K\u00e4mpfe auf dem Vogesenkamm um die Vorherrschaft im Oberelsass. Dabei ist wohl Peter Britz ums Leben gekommen.<\/p>\n<p style=\"text-align: justify;\">Die Lebacher Familienb\u00fccher nennen Peter Britz unter der Nr.: 504 (* 29.03.1894\/ + 04.01.1915) als Sohn von Peter Britz ( * 28.12.1842 in Lebach\/ + 23.04.1929 in Lebach) und Maria Lehnert (* 14.04.1850, + 04.05.1903 in Bettstadt).<\/p>\n<p style=\"text-align: justify;\">Der Volksbund hat Peter Britz nicht erfasst.<\/p>\n<p style=\"text-align: justify;\">Weil die franz\u00f6sischen Milit\u00e4rbeh\u00f6rden im Dezember 1920 anfingen, die in diesem Kampfgebiet gefallenen deutschen Soldaten zentral in Breitenbach zu bestatten, kann man vermuten, dass Peter Britz in <strong><a title=\"Breitenbach\" href=\"http:\/\/www.volksbund.de\/kriegsgraeberstaetten.html?stadt=631\" target=\"_blank\" rel=\"noopener\"><span style=\"color: #0000ff;\">Breitenbach<\/span><\/a><\/strong> im D\u00e9partement Haut-Rhin beerdigt worden ist.<\/p>\n","protected":false},"excerpt":{"rendered":"<p>________________________________________________________ Peter Britz (* 29.03.1894\/ + 04.01.1915) ________________________________________________________ Der Bergmann Peter Britz (der Hausnamen ist &#8222;Freisen&#8220; im &#8222;Unnerschden Ecken&#8220;) ist laut Ortschronik als Rekrut eingezogen worden und bei einem Sturmangriff bei Sennheim gefallen; er diente als Musketier in der 11. &hellip; <a href=\"https:\/\/unser-niedersaubach.de\/?page_id=2914\">Weiterlesen <span class=\"meta-nav\">&rarr;<\/span><\/a><\/p>\n","protected":false},"author":2,"featured_media":0,"parent":2549,"menu_order":5,"comment_status":"closed","ping_status":"closed","template":"","meta":{"ngg_post_thumbnail":0,"footnotes":""},"class_list":["post-2914","page","type-page","status-publish","hentry"],"_links":{"self":[{"href":"https:\/\/unser-niedersaubach.de\/index.php?rest_route=\/wp\/v2\/pages\/2914","targetHints":{"allow":["GET"]}}],"collection":[{"href":"https:\/\/unser-niedersaubach.de\/index.php?rest_route=\/wp\/v2\/pages"}],"about":[{"href":"https:\/\/unser-niedersaubach.de\/index.php?rest_route=\/wp\/v2\/types\/page"}],"author":[{"embeddable":true,"href":"https:\/\/unser-niedersaubach.de\/index.php?rest_route=\/wp\/v2\/users\/2"}],"replies":[{"embeddable":true,"href":"https:\/\/unser-niedersaubach.de\/index.php?rest_route=%2Fwp%2Fv2%2Fcomments&post=2914"}],"version-history":[{"count":10,"href":"https:\/\/unser-niedersaubach.de\/index.php?rest_route=\/wp\/v2\/pages\/2914\/revisions"}],"predecessor-version":[{"id":7618,"href":"https:\/\/unser-niedersaubach.de\/index.php?rest_route=\/wp\/v2\/pages\/2914\/revisions\/7618"}],"up":[{"embeddable":true,"href":"https:\/\/unser-niedersaubach.de\/index.php?rest_route=\/wp\/v2\/pages\/2549"}],"wp:attachment":[{"href":"https:\/\/unser-niedersaubach.de\/index.php?rest_route=%2Fwp%2Fv2%2Fmedia&parent=2914"}],"curies":[{"name":"wp","href":"https:\/\/api.w.org\/{rel}","templated":true}]}}