{"id":32,"date":"2009-03-24T17:26:56","date_gmt":"2009-03-24T16:26:56","guid":{"rendered":"http:\/\/unser-niedersaubach.de\/?page_id=32"},"modified":"2018-05-21T16:09:41","modified_gmt":"2018-05-21T15:09:41","slug":"unsere-kapelle","status":"publish","type":"page","link":"https:\/\/unser-niedersaubach.de\/?page_id=32","title":{"rendered":"Unsere Kapelle"},"content":{"rendered":"<div id=\"attachment_175\" style=\"width: 440px\" class=\"wp-caption aligncenter\"><a class=\"wpGallery\" title=\"100 Jahre Antoniuskapelle Niedersaubach\" href=\"http:\/\/unser-niedersaubach.de\/?p=1498\" target=\"_blank\" rel=\"noopener\"><img loading=\"lazy\" decoding=\"async\" aria-describedby=\"caption-attachment-175\" class=\"size-large wp-image-175 \" title=\"kapelle_vorn\" src=\"http:\/\/unser-niedersaubach.de\/wp-content\/uploads\/2009\/03\/kapelle_vorn-614x1024.jpg\" alt=\"Antoniuskapelle, Grundsteinlegung 1909, Einweihung 1910, Foto: Jakob Britz (vom &quot;unnerschden Ecken&quot; aus)\" width=\"430\" height=\"717\" srcset=\"https:\/\/unser-niedersaubach.de\/wp-content\/uploads\/2009\/03\/kapelle_vorn-614x1024.jpg 614w, https:\/\/unser-niedersaubach.de\/wp-content\/uploads\/2009\/03\/kapelle_vorn.jpg 702w\" sizes=\"auto, (max-width: 430px) 100vw, 430px\" \/><\/a><p id=\"caption-attachment-175\" class=\"wp-caption-text\">Antoniuskapelle, Grundsteinlegung 1909, Einweihung 1910, Foto: Jakob Britz (vom &#8222;unnerschden Ecken&#8220; aus)<\/p><\/div>\n<p style=\"text-align: justify;\"><span style=\"color: #000000;\">In der <a class=\"wpGallery\" title=\"Ortschronik\" href=\"http:\/\/unser-niedersaubach.de\/?page_id=16\" target=\"_self\">Ortschronik <\/a>ist nachzulesen, dass ein Architekt aus Trier namens Julius Wirtz mit der Planung des Baus beauftragt wurde. Die Durchf\u00fchrung wurde dem Lebacher Bauunternehmer Friedrich Klein \u00fcbertragen.<\/span><\/p>\n<div id=\"attachment_505\" style=\"width: 474px\" class=\"wp-caption aligncenter\"><a class=\"wpGallery\" title=\"Skizzen des Trierer Dombaumeisters Julius Wirtz\" href=\"http:\/\/unser-niedersaubach.de\/?p=1600\" target=\"_blank\" rel=\"noopener\"><img loading=\"lazy\" decoding=\"async\" aria-describedby=\"caption-attachment-505\" class=\"size-full wp-image-505 \" title=\"kapelle_entwurf\" src=\"http:\/\/unser-niedersaubach.de\/wp-content\/uploads\/2009\/03\/kapelle_entwurf.jpg\" alt=\"Antoniuskapelle, Entwurf des Architekten Wirtz aus Trier\" width=\"464\" height=\"723\" srcset=\"https:\/\/unser-niedersaubach.de\/wp-content\/uploads\/2009\/03\/kapelle_entwurf.jpg 580w, https:\/\/unser-niedersaubach.de\/wp-content\/uploads\/2009\/03\/kapelle_entwurf-192x300.jpg 192w\" sizes=\"auto, (max-width: 464px) 100vw, 464px\" \/><\/a><p id=\"caption-attachment-505\" class=\"wp-caption-text\">Antoniuskapelle, Entwurf des Architekten Wirtz aus Trier<\/p><\/div>\n<p style=\"text-align: center;\"><span style=\"color: #ff0000;\">Dieses Startbild anklicken, um mehr \u00fcber die Skizzen des Trierer Dombaumeisters zu erfahren!<\/span><\/p>\n<p style=\"text-align: justify;\"><span style=\"color: #000000;\">2010 wird unsere Antoniuskapelle 100. Hierzu werden wir noch in einer Festschrift die wichtigsten geschichtlichen Daten zusammen tragen.<\/span><\/p>\n<p style=\"text-align: justify;\"><span style=\"color: #000000;\">Vorab kann man sich aber schon in unserer <a class=\"wpGallery\" title=\"Ortschronik\" href=\"http:\/\/unser-niedersaubach.de\/?page_id=16\" target=\"_self\">Ortschronik<\/a> \u00fcber den Bau und die Einweihung der Antoniuskapelle in den Eintr\u00e4gen 1909 und 1910 gut informieren.<\/span><\/p>\n<p style=\"text-align: justify;\"><span style=\"color: #000000;\">Helga Heinrich (Kreuzwies) hat uns au\u00dferdem die Ank\u00fcndigung der Glockenweihe in Niedersaubach am 7. Dezember 1958 zur Verf\u00fcgung gestellt. Die Dreifaltigkeits-, die Marien-, die Josefs- und die Antoniusglocke l\u00e4uteten erstmals gemeinsam am Heiligen Abend des gleichen Jahres.<\/span><\/p>\n<div id=\"attachment_468\" style=\"width: 450px\" class=\"wp-caption aligncenter\"><a title=\"Glockenweihe in der Antoniuskapelle 1958\" href=\"http:\/\/unser-niedersaubach.de\/Dokumente\/07121958_Glockenweihe_Antoniuskapelle.pdf\" target=\"_blank\" rel=\"noopener\"><img loading=\"lazy\" decoding=\"async\" aria-describedby=\"caption-attachment-468\" class=\"size-full wp-image-468 \" title=\"07121958_glockenweihe_antoniuskapelle\" src=\"http:\/\/unser-niedersaubach.de\/wp-content\/uploads\/2009\/03\/07121958_glockenweihe_antoniuskapelle.jpg\" alt=\"Glockenweihe in der Antoniuskapelle am 07.12.1958\" width=\"440\" height=\"657\" srcset=\"https:\/\/unser-niedersaubach.de\/wp-content\/uploads\/2009\/03\/07121958_glockenweihe_antoniuskapelle.jpg 550w, https:\/\/unser-niedersaubach.de\/wp-content\/uploads\/2009\/03\/07121958_glockenweihe_antoniuskapelle-200x300.jpg 200w\" sizes=\"auto, (max-width: 440px) 100vw, 440px\" \/><\/a><p id=\"caption-attachment-468\" class=\"wp-caption-text\">Glockenweihe in der Antoniuskapelle am 07.12.1958<\/p><\/div>\n<p style=\"text-align: center;\"><em><span style=\"color: #ff0000;\">Dieses Startbild zum besseren Anschauen einfach anklicken!<\/span><\/em><\/p>\n<p style=\"text-align: justify;\"><span style=\"color: #000000;\"><a class=\"wpGallery\" title=\"100 Jahre Antoniuskapelle Niedersaubach\" href=\"http:\/\/unser-niedersaubach.de\/?p=1498\" target=\"_self\">Wir freuen uns auf das Jubil\u00e4umsfest. Das Fest findet statt vom 20. bis zum 22. August 2010. Hier kann man das Festprogramm nachlesen (einfach anklicken).<\/a><\/span><\/p>\n","protected":false},"excerpt":{"rendered":"<p>In der Ortschronik ist nachzulesen, dass ein Architekt aus Trier namens Julius Wirtz mit der Planung des Baus beauftragt wurde. Die Durchf\u00fchrung wurde dem Lebacher Bauunternehmer Friedrich Klein \u00fcbertragen. Dieses Startbild anklicken, um mehr \u00fcber die Skizzen des Trierer Dombaumeisters &hellip; <a href=\"https:\/\/unser-niedersaubach.de\/?page_id=32\">Weiterlesen <span class=\"meta-nav\">&rarr;<\/span><\/a><\/p>\n","protected":false},"author":2,"featured_media":0,"parent":0,"menu_order":4,"comment_status":"closed","ping_status":"closed","template":"","meta":{"ngg_post_thumbnail":0,"footnotes":""},"class_list":["post-32","page","type-page","status-publish","hentry"],"_links":{"self":[{"href":"https:\/\/unser-niedersaubach.de\/index.php?rest_route=\/wp\/v2\/pages\/32","targetHints":{"allow":["GET"]}}],"collection":[{"href":"https:\/\/unser-niedersaubach.de\/index.php?rest_route=\/wp\/v2\/pages"}],"about":[{"href":"https:\/\/unser-niedersaubach.de\/index.php?rest_route=\/wp\/v2\/types\/page"}],"author":[{"embeddable":true,"href":"https:\/\/unser-niedersaubach.de\/index.php?rest_route=\/wp\/v2\/users\/2"}],"replies":[{"embeddable":true,"href":"https:\/\/unser-niedersaubach.de\/index.php?rest_route=%2Fwp%2Fv2%2Fcomments&post=32"}],"version-history":[{"count":19,"href":"https:\/\/unser-niedersaubach.de\/index.php?rest_route=\/wp\/v2\/pages\/32\/revisions"}],"predecessor-version":[{"id":7702,"href":"https:\/\/unser-niedersaubach.de\/index.php?rest_route=\/wp\/v2\/pages\/32\/revisions\/7702"}],"wp:attachment":[{"href":"https:\/\/unser-niedersaubach.de\/index.php?rest_route=%2Fwp%2Fv2%2Fmedia&parent=32"}],"curies":[{"name":"wp","href":"https:\/\/api.w.org\/{rel}","templated":true}]}}