{"id":3588,"date":"2011-09-11T19:58:29","date_gmt":"2011-09-11T18:58:29","guid":{"rendered":"http:\/\/unser-niedersaubach.de\/?page_id=3588"},"modified":"2018-05-21T16:07:44","modified_gmt":"2018-05-21T15:07:44","slug":"seniorenverein","status":"publish","type":"page","link":"https:\/\/unser-niedersaubach.de\/?page_id=3588","title":{"rendered":"Seniorenverein"},"content":{"rendered":"<p style=\"text-align: justify;\"><span style=\"color: #000000;\">Am 21. August 2011 wurde der Seniorenverein Niedersaubach 35, ein Geburtstag, den man auf dem alten Schulhof des Antoniusheimes z\u00fcnftig feierte.<\/span><\/p>\n<p style=\"text-align: justify;\"><a title=\"Seniorenverein wird 35\" href=\"http:\/\/unser-niedersaubach.de\/?p=3583\">Ortsvorsteher Werner Schmidt hielt an diesem Geburtstag die Laudatio, welche die rege Vereinsgeschichte wiedergibt (hier anklicken, um zum Artikel \u00fcber das Gr\u00fcndungsjubil\u00e4um zu kommen).<\/a><\/p>\n<div id=\"attachment_3589\" style=\"width: 460px\" class=\"wp-caption aligncenter\"><img loading=\"lazy\" decoding=\"async\" aria-describedby=\"caption-attachment-3589\" class=\"size-full wp-image-3589\" title=\"Der Vorsitzende\" src=\"http:\/\/unser-niedersaubach.de\/wp-content\/uploads\/2011\/09\/Der-Vorsitzende_Engel-Alt_4501.jpg\" alt=\"\" width=\"450\" height=\"338\" srcset=\"https:\/\/unser-niedersaubach.de\/wp-content\/uploads\/2011\/09\/Der-Vorsitzende_Engel-Alt_4501.jpg 450w, https:\/\/unser-niedersaubach.de\/wp-content\/uploads\/2011\/09\/Der-Vorsitzende_Engel-Alt_4501-300x225.jpg 300w\" sizes=\"auto, (max-width: 450px) 100vw, 450px\" \/><p id=\"caption-attachment-3589\" class=\"wp-caption-text\">Der Vorsitzende, Engelbert Alt, begr\u00fc\u00dfte die G\u00e4ste; Foto: Werner Schmidt<\/p><\/div>\n","protected":false},"excerpt":{"rendered":"<p>Am 21. August 2011 wurde der Seniorenverein Niedersaubach 35, ein Geburtstag, den man auf dem alten Schulhof des Antoniusheimes z\u00fcnftig feierte. Ortsvorsteher Werner Schmidt hielt an diesem Geburtstag die Laudatio, welche die rege Vereinsgeschichte wiedergibt (hier anklicken, um zum Artikel &hellip; <a href=\"https:\/\/unser-niedersaubach.de\/?page_id=3588\">Weiterlesen <span class=\"meta-nav\">&rarr;<\/span><\/a><\/p>\n","protected":false},"author":2,"featured_media":0,"parent":50,"menu_order":6,"comment_status":"closed","ping_status":"closed","template":"","meta":{"ngg_post_thumbnail":0,"footnotes":""},"class_list":["post-3588","page","type-page","status-publish","hentry"],"_links":{"self":[{"href":"https:\/\/unser-niedersaubach.de\/index.php?rest_route=\/wp\/v2\/pages\/3588","targetHints":{"allow":["GET"]}}],"collection":[{"href":"https:\/\/unser-niedersaubach.de\/index.php?rest_route=\/wp\/v2\/pages"}],"about":[{"href":"https:\/\/unser-niedersaubach.de\/index.php?rest_route=\/wp\/v2\/types\/page"}],"author":[{"embeddable":true,"href":"https:\/\/unser-niedersaubach.de\/index.php?rest_route=\/wp\/v2\/users\/2"}],"replies":[{"embeddable":true,"href":"https:\/\/unser-niedersaubach.de\/index.php?rest_route=%2Fwp%2Fv2%2Fcomments&post=3588"}],"version-history":[{"count":4,"href":"https:\/\/unser-niedersaubach.de\/index.php?rest_route=\/wp\/v2\/pages\/3588\/revisions"}],"predecessor-version":[{"id":7697,"href":"https:\/\/unser-niedersaubach.de\/index.php?rest_route=\/wp\/v2\/pages\/3588\/revisions\/7697"}],"up":[{"embeddable":true,"href":"https:\/\/unser-niedersaubach.de\/index.php?rest_route=\/wp\/v2\/pages\/50"}],"wp:attachment":[{"href":"https:\/\/unser-niedersaubach.de\/index.php?rest_route=%2Fwp%2Fv2%2Fmedia&parent=3588"}],"curies":[{"name":"wp","href":"https:\/\/api.w.org\/{rel}","templated":true}]}}