{"id":50,"date":"2009-03-24T17:40:54","date_gmt":"2009-03-24T16:40:54","guid":{"rendered":"http:\/\/unser-niedersaubach.de\/?page_id=50"},"modified":"2018-05-21T16:05:00","modified_gmt":"2018-05-21T15:05:00","slug":"unsere-vereine","status":"publish","type":"page","link":"https:\/\/unser-niedersaubach.de\/?page_id=50","title":{"rendered":"Unsere Vereine"},"content":{"rendered":"<h2 style=\"text-align: justify;\"><span style=\"color: #0000ff;\">Niedersaubach &#8211; ein Dorf und seine Vereine<\/span><\/h2>\n<p style=\"text-align: justify;\">\n<p style=\"text-align: justify;\">Wenn man im Dorf erkannte, dass ein Vorhaben oder Projekt f\u00fcr die Allgemeinheit wichtig und w\u00fcnschenswert erschien und wegen der allgemeinen Finanzlage von der Kommune nicht finanziert werden konnte, so packte man an. Nachdem unsere Kinder in den 70er-Jahren nach Lebach eingeschult wurden, stand die neu erbaute Grundschule leer. Tatkr\u00e4ftig setzten sich Kommunalpolitiker, Vereinsvorst\u00e4nde, Kirche und B\u00fcrger zusammen und beschlossen, das Haus zum Gemeindezentrum umzubauen. Nachdem die Stadt die notwendigen Mittel bereitstellte, packten viele H\u00e4nde aus den Vereinen an und bald konnte man die ersten Veranstaltungen im \u201eAntoniusheim&#8220; feiern.<\/p>\n<p style=\"text-align: justify;\">Die Vereine waren es auch, die Mittel und Arbeitskraft einsetzten, um einen Festplatz in der N\u00e4he des Sportplatzes zu schaffen. Der Platz liegt sehr idyllisch unter den Linden der ehemaligen Volksschule. Man trifft sich gerne auf diesem herrlichen Festplatz, um zu feiern.<\/p>\n<p style=\"text-align: justify;\">Auch den Kameraden der Feuerwehr war ihre Freizeit nicht zu schade, in vielen Stunden ihr Ger\u00e4tehaus an die ehemalige Grundschule anzubauen, bzw. ihren Schulungsraum im ehemaligen Werkraum der Schule herzurichten.<\/p>\n<div id=\"attachment_535\" style=\"width: 474px\" class=\"wp-caption aligncenter\"><img loading=\"lazy\" decoding=\"async\" aria-describedby=\"caption-attachment-535\" class=\"size-full wp-image-535 \" title=\"freiw_feuerwehr_niedersaubach_1966_580\" src=\"http:\/\/unser-niedersaubach.de\/wp-content\/uploads\/2009\/03\/freiw_feuerwehr_niedersaubach_1966_580.jpg\" alt=\"Freiwillige Feuerwehr Niedersaubach 1966\" width=\"464\" height=\"305\" srcset=\"https:\/\/unser-niedersaubach.de\/wp-content\/uploads\/2009\/03\/freiw_feuerwehr_niedersaubach_1966_580.jpg 580w, https:\/\/unser-niedersaubach.de\/wp-content\/uploads\/2009\/03\/freiw_feuerwehr_niedersaubach_1966_580-300x197.jpg 300w\" sizes=\"auto, (max-width: 464px) 100vw, 464px\" \/><p id=\"caption-attachment-535\" class=\"wp-caption-text\">Freiwillige Feuerwehr Niedersaubach 1966<\/p><\/div>\n<p style=\"text-align: justify;\">Nicht mehr wegzudenken aus dem Dorf ist der Sportverein, der durch vielf\u00e4ltige Aktivit\u00e4ten das Dorfleben bereichert. Ebenso wie Feuerwehr und Angelsportverein &#8211; dem j\u00fcngsten Verein des Ortes &#8211; legt auch der SVN allergr\u00f6\u00dften Wert auf die Jugendarbeit. Diese Vereine investieren viel Zeit und Geld in ihren Nachwuchs, was nicht hoch genug gewertet werden kann. Mitglieder des Sportvereines erbauten ihr Sportlerheim ehrenamtlich und setzten sich nachdr\u00fccklich f\u00fcr die Realisierung eines zeitgem\u00e4\u00dfen Rasenplatzes ein. Mittlerweile ist die Anlage im Zentrum unseres Dorfes ein Schmuckst\u00fcck.<\/p>\n<div id=\"attachment_536\" style=\"width: 474px\" class=\"wp-caption aligncenter\"><img loading=\"lazy\" decoding=\"async\" aria-describedby=\"caption-attachment-536\" class=\"size-full wp-image-536 \" title=\"richtfest_clubhaus-svn_1977_580\" src=\"http:\/\/unser-niedersaubach.de\/wp-content\/uploads\/2009\/03\/richtfest_clubhaus-svn_1977_580.jpg\" alt=\"Clubhaus SVN Richtfest 1977\" width=\"464\" height=\"312\" srcset=\"https:\/\/unser-niedersaubach.de\/wp-content\/uploads\/2009\/03\/richtfest_clubhaus-svn_1977_580.jpg 580w, https:\/\/unser-niedersaubach.de\/wp-content\/uploads\/2009\/03\/richtfest_clubhaus-svn_1977_580-300x201.jpg 300w\" sizes=\"auto, (max-width: 464px) 100vw, 464px\" \/><p id=\"caption-attachment-536\" class=\"wp-caption-text\">Clubhaus SVN Richtfest 1977<\/p><\/div>\n<p style=\"text-align: justify;\">Der Gesang f\u00fchrte in den vergangenen Jahrzehnten immer wieder viele G\u00e4ste nach Niedersaubach, wenn ein traditionsreicher Verein Geburtstag feierte: Bis Anfang der 70er-Jahre als M\u00e4nnergesangverein, sp\u00e4ter als der Gemischte Chor Niedersaubach. Bei vielen festlichen Gelegenheiten stellte sich der Chor in den Dienst des Dorfes und seiner Vereine. Mittlerweile hat auch eine Singgruppe &#8211; die Somebodys &#8211; durch ihre begeistert gefeierten Weihnachtskonzerte in der Kapelle auf sich aufmerksam gemacht.<\/p>\n<div id=\"attachment_537\" style=\"width: 474px\" class=\"wp-caption aligncenter\"><img loading=\"lazy\" decoding=\"async\" aria-describedby=\"caption-attachment-537\" class=\"size-full wp-image-537\" title=\"musikverein-niedersaubach_580\" src=\"http:\/\/unser-niedersaubach.de\/wp-content\/uploads\/2009\/03\/musikverein-niedersaubach_580.jpg\" alt=\"musikverein-niedersaubach_580\" width=\"464\" height=\"291\" srcset=\"https:\/\/unser-niedersaubach.de\/wp-content\/uploads\/2009\/03\/musikverein-niedersaubach_580.jpg 580w, https:\/\/unser-niedersaubach.de\/wp-content\/uploads\/2009\/03\/musikverein-niedersaubach_580-300x188.jpg 300w\" sizes=\"auto, (max-width: 464px) 100vw, 464px\" \/><p id=\"caption-attachment-537\" class=\"wp-caption-text\">Musikverein Niedersaubach um die vorletzte Jahrhundertwende<\/p><\/div>\n<p style=\"text-align: justify;\">\n<p style=\"text-align: justify;\">Den Reigen der Vereine schlie\u00dft der Pension\u00e4rsverein, der unseren \u00e4lteren Mitb\u00fcrgerinnen und Mitb\u00fcrgern ein Ort der Begegnung und des Miteinander ist. Man kann mit Fug und Recht sagen, die Niedersaubacher Dorfgemeinschaft definierte sich \u00fcber seine Vereine.<\/p>\n<p style=\"text-align: justify;\">Mit Bedauern muss festgestellt werden, dass einige vormals aktive und wichtige Vereine nicht mehr existieren, wie etwa der abgebildete Musikverein, der <a class=\"wpGallery\" title=\"Theaterverein EINIGKEIT\" href=\"http:\/\/unser-niedersaubach.de\/?page_id=613\" target=\"_self\">Theaterverein &#8222;Einigkeit&#8220;<\/a> oder der Frauen- und M\u00fctterverein.<\/p>\n<p style=\"text-align: justify;\">Es muss allerdings auch gesagt werden, dass die Vereine in der heutigen Zeit nicht mehr die dominierende Rolle spielen wie in der Vergangenheit. Menschen mit gemeinsamen Interessen schlie\u00dfen sich immer \u00f6fter auch in Initiativen oder Projektgruppen zusammen, die sich nach einer gewissen Zeit wieder aufl\u00f6sen.<\/p>\n<p style=\"text-align: justify;\">In den unterlegten Seiten versuchen wir, soweit uns Unterlagen zur Verf\u00fcgung stehen, die Dorfvereine &#8211; auch die historischen &#8211; zu dokumentieren. Da uns vom Theaterverein umfangreiche Originaldokumente anhand gegeben wurden, beginnen wir mit diesem Verein.<\/p>\n<p style=\"text-align: justify;\">Werner Schmidt<\/p>\n","protected":false},"excerpt":{"rendered":"<p>Niedersaubach &#8211; ein Dorf und seine Vereine Wenn man im Dorf erkannte, dass ein Vorhaben oder Projekt f\u00fcr die Allgemeinheit wichtig und w\u00fcnschenswert erschien und wegen der allgemeinen Finanzlage von der Kommune nicht finanziert werden konnte, so packte man an. &hellip; <a href=\"https:\/\/unser-niedersaubach.de\/?page_id=50\">Weiterlesen <span class=\"meta-nav\">&rarr;<\/span><\/a><\/p>\n","protected":false},"author":2,"featured_media":0,"parent":10,"menu_order":4,"comment_status":"closed","ping_status":"closed","template":"","meta":{"ngg_post_thumbnail":0,"footnotes":""},"class_list":["post-50","page","type-page","status-publish","hentry"],"_links":{"self":[{"href":"https:\/\/unser-niedersaubach.de\/index.php?rest_route=\/wp\/v2\/pages\/50","targetHints":{"allow":["GET"]}}],"collection":[{"href":"https:\/\/unser-niedersaubach.de\/index.php?rest_route=\/wp\/v2\/pages"}],"about":[{"href":"https:\/\/unser-niedersaubach.de\/index.php?rest_route=\/wp\/v2\/types\/page"}],"author":[{"embeddable":true,"href":"https:\/\/unser-niedersaubach.de\/index.php?rest_route=\/wp\/v2\/users\/2"}],"replies":[{"embeddable":true,"href":"https:\/\/unser-niedersaubach.de\/index.php?rest_route=%2Fwp%2Fv2%2Fcomments&post=50"}],"version-history":[{"count":17,"href":"https:\/\/unser-niedersaubach.de\/index.php?rest_route=\/wp\/v2\/pages\/50\/revisions"}],"predecessor-version":[{"id":7692,"href":"https:\/\/unser-niedersaubach.de\/index.php?rest_route=\/wp\/v2\/pages\/50\/revisions\/7692"}],"up":[{"embeddable":true,"href":"https:\/\/unser-niedersaubach.de\/index.php?rest_route=\/wp\/v2\/pages\/10"}],"wp:attachment":[{"href":"https:\/\/unser-niedersaubach.de\/index.php?rest_route=%2Fwp%2Fv2%2Fmedia&parent=50"}],"curies":[{"name":"wp","href":"https:\/\/api.w.org\/{rel}","templated":true}]}}