{"id":7,"date":"2009-03-23T20:00:13","date_gmt":"2009-03-23T19:00:13","guid":{"rendered":"http:\/\/unser-niedersaubach.de\/?page_id=7"},"modified":"2018-12-23T15:03:00","modified_gmt":"2018-12-23T14:03:00","slug":"impressum","status":"publish","type":"page","link":"https:\/\/unser-niedersaubach.de\/?page_id=7","title":{"rendered":"Impressum und Datenschutz"},"content":{"rendered":"<div><!-- [if gte mso 9]><xml>\n<w:WordDocument>\n<w:View>Normal<\/w:View>\n<w:Zoom>0<\/w:Zoom>\n<w:HyphenationZone>21<\/w:HyphenationZone>\n<w:PunctuationKerning\/>\n<w:ValidateAgainstSchemas\/>\n<w:SaveIfXMLInvalid>false<\/w:SaveIfXMLInvalid>\n<w:IgnoreMixedContent>false<\/w:IgnoreMixedContent>\n<w:AlwaysShowPlaceholderText>false<\/w:AlwaysShowPlaceholderText>\n<w:Compatibility>\n<w:BreakWrappedTables\/>\n<w:SnapToGridInCell\/>\n<w:WrapTextWithPunct\/>\n<w:UseAsianBreakRules\/>\n<w:DontGrowAutofit\/>\n<\/w:Compatibility>\n<w:BrowserLevel>MicrosoftInternetExplorer4<\/w:BrowserLevel>\n<\/w:WordDocument>\n<\/xml><![endif]--><\/p>\n<p class=\"MsoNormal\" style=\"text-align: justify;\"><span style=\"font-family: Arial; color: black;\">UNSER NIEDERSAUBACH-R\u00dcMMELBACH<\/span> ist eine heimatgeschichtliche Initiative, die von:<\/p>\n<p class=\"MsoNormal\" style=\"margin: 0cm 0cm 0pt; text-align: justify;\"><span style=\"font-family: Arial; color: black;\">Josef Heinrich (Hirten Josef), Paul Mattick (Hachen Paul), Lothar Schmidt (Hachen Lothar) und Werner Schmidt (Hachen Werner) gegr\u00fcndet worden ist.<\/span><\/p>\n<p class=\"MsoNormal\" style=\"margin: 0cm 0cm 0pt; text-align: justify;\"><span style=\"font-family: Arial;\">\u00a0<\/span><\/p>\n<p class=\"MsoNormal\" style=\"margin: 0cm 0cm 0pt; text-align: justify;\"><span style=\"font-family: Arial; color: black;\">UNSER NIEDERSAUBACH-R\u00dcMMELBACH ist kein eingetragener Verein.<\/span><\/p>\n<p class=\"MsoNormal\" style=\"margin: 0cm 0cm 0pt; text-align: justify;\"><span style=\"font-family: Arial;\">\u00a0<\/span><\/p>\n<p class=\"MsoNormal\" style=\"margin: 0cm 0cm 0pt; text-align: justify;\"><span style=\"font-family: Arial; color: black;\">UNSER NIEDERSAUBACH-R\u00dcMMELBACH versteht sich ausdr\u00fccklich \u00fcberparteilich und hat das Ziel, die Geschichte unserer D\u00f6rfer Niedersaubach und R\u00fcmmelbach f\u00fcr die Nachfahren anhand von Dokumenten, Bildern und m\u00fcndlichen \u00dcberlieferungen zu sichern. Dabei sind alle Mitb\u00fcrgerinnen und Mitb\u00fcrger aufgerufen, an diesem Projekt mitzuwirken.<\/span><\/p>\n<p class=\"MsoNormal\" style=\"margin: 0cm 0cm 0pt; text-align: justify;\"><span style=\"font-family: Arial;\">\u00a0<\/span><\/p>\n<p class=\"MsoNormal\" style=\"margin: 0cm 0cm 0pt; text-align: justify;\"><span style=\"font-family: Arial; color: black;\">Inhaltlich <strong><span style=\"font-family: Arial;\">Verantwortlicher<\/span><\/strong> gem\u00e4\u00df \u00a7 55 Abs. 2 Rundfunkstaatsvertrag RStV ist:<\/span><\/p>\n<p class=\"MsoNormal\" style=\"margin: 0cm 0cm 0pt; text-align: justify;\"><span style=\"font-family: Arial; color: black;\">Lothar Schmidt, Am Sch\u00fctzenberg 34, 66822 Lebach,<\/span><\/p>\n<p class=\"MsoNormal\" style=\"margin: 0cm 0cm 0pt; text-align: justify;\"><span style=\"font-family: Arial; color: black;\">E-Mail: unser-niedersaubach@lebacher-wind.de<\/span><\/p>\n<p>Vereinsrechtlich verantwortlich ist unser Vorsitzender Hans Schmitz, Antoniusstr. 35, 66822 Lebach, Tel.: 06881 3660.<span style=\"font-family: Arial;\">\u00a0<\/span><\/p>\n<p class=\"MsoNormal\" style=\"margin: 0cm 0cm 0pt; text-align: justify;\"><strong><span style=\"font-family: Arial; color: black;\">Rechtshinweis<\/span><\/strong><span style=\"font-family: Arial; color: black;\">: <\/span>UNSER HEIMATDORF NIEDERSAUBACH-R\u00dcMMELBACH pr\u00fcft und aktualisiert die Informationen auf seinen Websites st\u00e4ndig. Trotz aller Sorgfalt k\u00f6nnen sich die Daten inzwischen ver\u00e4ndert haben. Eine Haftung oder Garantie f\u00fcr die Aktualit\u00e4t, Richtigkeit und Vollst\u00e4ndigkeit der zur Verf\u00fcgung gestellten Informationen kann daher nicht \u00fcbernommen werden. Gleiches gilt auch f\u00fcr alle anderen Websites, auf die mittels Hyperlink verwiesen wird. UNSER HEIMATDORF NIEDERSAUBACH-R\u00dcMMELBACH ist f\u00fcr den Inhalt der Websites, die aufgrund einer solchen Verbindung erreicht werden, nicht verantwortlich. Des Weiteren beh\u00e4lt sich UNSER HEIMATDORF NIEDERSAUBACH-R\u00dcMMELBACH das Recht vor, \u00c4nderungen oder Erg\u00e4nzungen der bereitgestellten Informationen vorzunehmen. Inhalt, Struktur und Erscheinungsbild der Websites von UNSER HEIMATDORF NIEDERSAUBACH-R\u00dcMMELBACH sind urheberrechtlich gesch\u00fctzt.<\/p>\n<p class=\"MsoNormal\" style=\"margin: 0cm 0cm 0pt; text-align: justify;\"><strong><span style=\"font-family: Arial; color: black;\">\u00a0<\/span><\/strong><\/p>\n<p class=\"MsoNormal\" style=\"text-align: justify;\"><strong><span style=\"font-family: Arial; color: black;\">Copyright<\/span><\/strong><span style=\"font-family: Arial; color: black;\">: Alle Texte, alle Fotos, alle Gestaltungselemente dieses Servers sind &#8211; sofern nicht ein anderes Copyright angegeben ist &#8211; f\u00fcr den Herausgeber urheberrechtlich gesch\u00fctzt. Jede Verwertung au\u00dferhalb der engen Grenzen des Urheberrechtsgesetzes ist ohne Zustimmung des Herausgebers unzul\u00e4ssig.<\/span><\/p>\n<p class=\"MsoNormal\" style=\"text-align: justify;\"><strong><span style=\"color: #000000;\">Nachtrag vom 17. Februar 2014<\/span><\/strong><\/p>\n<p class=\"MsoNormal\" style=\"text-align: justify;\"><span style=\"color: #000000;\">Unser Niedersaubach ist mittlerweile ein Sprachrohr f\u00fcr die Dorfgemeinschaft UNSER NIEDERSAUBACH geworden.<\/span><\/p>\n<p class=\"MsoNormal\" style=\"text-align: justify;\"><span style=\"color: #0000ff;\"><strong><a title=\"Satzung UNSER NIEDERSAUBACH\" href=\"http:\/\/unser-niedersaubach.de\/?p=6057\"><span style=\"color: #0000ff;\">Satzung, Gesch\u00e4ftsordnung und Beitrittsformular zu unserem nicht eingetragenen, allerdings gemeinn\u00fctzigen Verein UNSER NIEDERSAUBACH k\u00f6nnen hier eingesehen werden (einfach anklicken).<\/span><\/a><\/strong><\/span><\/p>\n<h1><a href=\"https:\/\/unser-niedersaubach.de\/wp-content\/uploads\/2018\/12\/Datenschutzerkl\u00e4rung.pdf\" target=\"_blank\" rel=\"noopener\">Im Anschluss k\u00f6nnen Sie unsere Datenschutzerkl\u00e4rung f\u00fcr unsere Internetseite: http:\/\/unser-niedersaubach.de lesen. Weil wir einige Beitr\u00e4ge auch auf Facebook ver\u00f6ffentlichen, k\u00f6nnen Sie in diesem Dokument die f\u00fcr Facebook g\u00fcltige Datenschutzrichtlinie nachlesen (bitte einfach anklicken).<\/a><\/h1>\n<p><a href=\"https:\/\/unser-niedersaubach.de\/wp-content\/uploads\/2018\/05\/180525_Datenschutzerklarung_UN_Page_1.jpeg\"><img loading=\"lazy\" decoding=\"async\" class=\"aligncenter size-large wp-image-7730\" src=\"https:\/\/unser-niedersaubach.de\/wp-content\/uploads\/2018\/05\/180525_Datenschutzerklarung_UN_Page_1-724x1024.jpeg\" alt=\"\" width=\"584\" height=\"826\" srcset=\"https:\/\/unser-niedersaubach.de\/wp-content\/uploads\/2018\/05\/180525_Datenschutzerklarung_UN_Page_1-724x1024.jpeg 724w, https:\/\/unser-niedersaubach.de\/wp-content\/uploads\/2018\/05\/180525_Datenschutzerklarung_UN_Page_1-212x300.jpeg 212w, https:\/\/unser-niedersaubach.de\/wp-content\/uploads\/2018\/05\/180525_Datenschutzerklarung_UN_Page_1-768x1086.jpeg 768w, https:\/\/unser-niedersaubach.de\/wp-content\/uploads\/2018\/05\/180525_Datenschutzerklarung_UN_Page_1.jpeg 1653w\" sizes=\"auto, (max-width: 584px) 100vw, 584px\" \/><\/a> <a href=\"https:\/\/unser-niedersaubach.de\/wp-content\/uploads\/2018\/05\/180525_Datenschutzerklarung_UN_Page_2.jpeg\"><img loading=\"lazy\" decoding=\"async\" class=\"aligncenter size-large wp-image-7731\" src=\"https:\/\/unser-niedersaubach.de\/wp-content\/uploads\/2018\/05\/180525_Datenschutzerklarung_UN_Page_2-724x1024.jpeg\" alt=\"\" width=\"584\" height=\"826\" srcset=\"https:\/\/unser-niedersaubach.de\/wp-content\/uploads\/2018\/05\/180525_Datenschutzerklarung_UN_Page_2-724x1024.jpeg 724w, https:\/\/unser-niedersaubach.de\/wp-content\/uploads\/2018\/05\/180525_Datenschutzerklarung_UN_Page_2-212x300.jpeg 212w, https:\/\/unser-niedersaubach.de\/wp-content\/uploads\/2018\/05\/180525_Datenschutzerklarung_UN_Page_2-768x1086.jpeg 768w, https:\/\/unser-niedersaubach.de\/wp-content\/uploads\/2018\/05\/180525_Datenschutzerklarung_UN_Page_2.jpeg 1653w\" sizes=\"auto, (max-width: 584px) 100vw, 584px\" \/><\/a> <a href=\"https:\/\/unser-niedersaubach.de\/wp-content\/uploads\/2018\/05\/180525_Datenschutzerklarung_UN_Page_3.jpeg\"><img loading=\"lazy\" decoding=\"async\" class=\"aligncenter size-large wp-image-7732\" src=\"https:\/\/unser-niedersaubach.de\/wp-content\/uploads\/2018\/05\/180525_Datenschutzerklarung_UN_Page_3-724x1024.jpeg\" alt=\"\" width=\"584\" height=\"826\" srcset=\"https:\/\/unser-niedersaubach.de\/wp-content\/uploads\/2018\/05\/180525_Datenschutzerklarung_UN_Page_3-724x1024.jpeg 724w, https:\/\/unser-niedersaubach.de\/wp-content\/uploads\/2018\/05\/180525_Datenschutzerklarung_UN_Page_3-212x300.jpeg 212w, https:\/\/unser-niedersaubach.de\/wp-content\/uploads\/2018\/05\/180525_Datenschutzerklarung_UN_Page_3-768x1086.jpeg 768w, https:\/\/unser-niedersaubach.de\/wp-content\/uploads\/2018\/05\/180525_Datenschutzerklarung_UN_Page_3.jpeg 1653w\" sizes=\"auto, (max-width: 584px) 100vw, 584px\" \/><\/a> <a href=\"https:\/\/unser-niedersaubach.de\/wp-content\/uploads\/2018\/05\/180525_Datenschutzerklarung_UN_Page_4.jpeg\"><img loading=\"lazy\" decoding=\"async\" class=\"aligncenter size-large wp-image-7733\" src=\"https:\/\/unser-niedersaubach.de\/wp-content\/uploads\/2018\/05\/180525_Datenschutzerklarung_UN_Page_4-724x1024.jpeg\" alt=\"\" width=\"584\" height=\"826\" srcset=\"https:\/\/unser-niedersaubach.de\/wp-content\/uploads\/2018\/05\/180525_Datenschutzerklarung_UN_Page_4-724x1024.jpeg 724w, https:\/\/unser-niedersaubach.de\/wp-content\/uploads\/2018\/05\/180525_Datenschutzerklarung_UN_Page_4-212x300.jpeg 212w, https:\/\/unser-niedersaubach.de\/wp-content\/uploads\/2018\/05\/180525_Datenschutzerklarung_UN_Page_4-768x1086.jpeg 768w, https:\/\/unser-niedersaubach.de\/wp-content\/uploads\/2018\/05\/180525_Datenschutzerklarung_UN_Page_4.jpeg 1653w\" sizes=\"auto, (max-width: 584px) 100vw, 584px\" \/><\/a> <a href=\"https:\/\/unser-niedersaubach.de\/wp-content\/uploads\/2018\/05\/Microsoft-Word-180525_Datenschutzerklarung_UN_Page_5.jpeg\"><img loading=\"lazy\" decoding=\"async\" class=\"aligncenter size-large wp-image-7735\" src=\"https:\/\/unser-niedersaubach.de\/wp-content\/uploads\/2018\/05\/Microsoft-Word-180525_Datenschutzerklarung_UN_Page_5-724x1024.jpeg\" alt=\"\" width=\"584\" height=\"826\" srcset=\"https:\/\/unser-niedersaubach.de\/wp-content\/uploads\/2018\/05\/Microsoft-Word-180525_Datenschutzerklarung_UN_Page_5-724x1024.jpeg 724w, https:\/\/unser-niedersaubach.de\/wp-content\/uploads\/2018\/05\/Microsoft-Word-180525_Datenschutzerklarung_UN_Page_5-212x300.jpeg 212w, https:\/\/unser-niedersaubach.de\/wp-content\/uploads\/2018\/05\/Microsoft-Word-180525_Datenschutzerklarung_UN_Page_5-768x1086.jpeg 768w, https:\/\/unser-niedersaubach.de\/wp-content\/uploads\/2018\/05\/Microsoft-Word-180525_Datenschutzerklarung_UN_Page_5.jpeg 1653w\" sizes=\"auto, (max-width: 584px) 100vw, 584px\" \/><\/a><\/p>\n<p><!-- [if gte mso 9]><xml>\n<w:LatentStyles DefLockedState=\"false\" LatentStyleCount=\"156\">\n<\/w:LatentStyles>\n<\/xml><![endif]--><!-- [if gte mso 10]>\n\n\n\n<style>\n \/* Style Definitions *\/<br \/> table.MsoNormalTable<br \/>\t{mso-style-name:\"Normale Tabelle\";<br \/>\tmso-tstyle-rowband-size:0;<br \/>\tmso-tstyle-colband-size:0;<br \/>\tmso-style-noshow:yes;<br \/>\tmso-style-parent:\"\";<br \/>\tmso-padding-alt:0cm 5.4pt 0cm 5.4pt;<br \/>\tmso-para-margin:0cm;<br \/>\tmso-para-margin-bottom:.0001pt;<br \/>\tmso-pagination:widow-orphan;<br \/>\tfont-size:10.0pt;<br \/>\tfont-family:\"Times New Roman\";<br \/>\tmso-ansi-language:#0400;<br \/>\tmso-fareast-language:#0400;<br \/>\tmso-bidi-language:#0400;}<br \/><\/style>\n\n\n\n<![endif]--><\/p>\n<\/div>\n","protected":false},"excerpt":{"rendered":"<p>UNSER NIEDERSAUBACH-R\u00dcMMELBACH ist eine heimatgeschichtliche Initiative, die von: Josef Heinrich (Hirten Josef), Paul Mattick (Hachen Paul), Lothar Schmidt (Hachen Lothar) und Werner Schmidt (Hachen Werner) gegr\u00fcndet worden ist. \u00a0 UNSER NIEDERSAUBACH-R\u00dcMMELBACH ist kein eingetragener Verein. \u00a0 UNSER NIEDERSAUBACH-R\u00dcMMELBACH versteht sich &hellip; <a href=\"https:\/\/unser-niedersaubach.de\/?page_id=7\">Weiterlesen <span class=\"meta-nav\">&rarr;<\/span><\/a><\/p>\n","protected":false},"author":2,"featured_media":0,"parent":0,"menu_order":10,"comment_status":"closed","ping_status":"closed","template":"","meta":{"ngg_post_thumbnail":0,"footnotes":""},"class_list":["post-7","page","type-page","status-publish","hentry"],"_links":{"self":[{"href":"https:\/\/unser-niedersaubach.de\/index.php?rest_route=\/wp\/v2\/pages\/7","targetHints":{"allow":["GET"]}}],"collection":[{"href":"https:\/\/unser-niedersaubach.de\/index.php?rest_route=\/wp\/v2\/pages"}],"about":[{"href":"https:\/\/unser-niedersaubach.de\/index.php?rest_route=\/wp\/v2\/types\/page"}],"author":[{"embeddable":true,"href":"https:\/\/unser-niedersaubach.de\/index.php?rest_route=\/wp\/v2\/users\/2"}],"replies":[{"embeddable":true,"href":"https:\/\/unser-niedersaubach.de\/index.php?rest_route=%2Fwp%2Fv2%2Fcomments&post=7"}],"version-history":[{"count":33,"href":"https:\/\/unser-niedersaubach.de\/index.php?rest_route=\/wp\/v2\/pages\/7\/revisions"}],"predecessor-version":[{"id":7816,"href":"https:\/\/unser-niedersaubach.de\/index.php?rest_route=\/wp\/v2\/pages\/7\/revisions\/7816"}],"wp:attachment":[{"href":"https:\/\/unser-niedersaubach.de\/index.php?rest_route=%2Fwp%2Fv2%2Fmedia&parent=7"}],"curies":[{"name":"wp","href":"https:\/\/api.w.org\/{rel}","templated":true}]}}