{"id":7158,"date":"2016-05-24T16:02:09","date_gmt":"2016-05-24T15:02:09","guid":{"rendered":"http:\/\/unser-niedersaubach.de\/?page_id=7158"},"modified":"2016-05-24T16:15:51","modified_gmt":"2016-05-24T15:15:51","slug":"vereinsbeitritt","status":"publish","type":"page","link":"https:\/\/unser-niedersaubach.de\/?page_id=7158","title":{"rendered":"Vereinsbeitritt"},"content":{"rendered":"<p style=\"text-align: justify;\"><span style=\"color: #000000;\">Liebe Mitglieder und die, welche es noch werden wollen,<\/span><\/p>\n<p style=\"text-align: justify;\"><span style=\"color: #000000;\">wie ich euch bereits ank\u00fcndigte, wollen wir ab dem neuen Gesch\u00e4ftsjahr die Mitgliedsbeitr\u00e4ge per Dauerauftrag erheben. Den Teilnehmern an der Generalversammlung habe ich das Verfahren erl\u00e4utert und ihnen ein Formular ausgeh\u00e4ndigt, mit dem sie ihre Bank beauftragen k\u00f6nnen, die \u00dcberweisung des Jahresbeitrages zu veranlassen.<\/span><\/p>\n<p style=\"text-align: justify;\"><span style=\"color: #000000;\">Um unserem Schatzmeister die Arbeit zu erleichtern, haben wir einen einheitlichen Stichtag der Transaktion auf den 1. Februar ab dem Jahre 2016 festgelegt. Die teilweise noch ausstehenden Mitgliedsbeitr\u00e4ge f\u00fcr die Jahre 2014 und 2015 werden noch bar kassiert.<\/span><\/p>\n<p style=\"text-align: justify;\"><span style=\"color: #000000;\"><strong>Wir bitten euch herzlich, das beigef\u00fcgte Formular auszuf\u00fcllen und bei eurer Hausbank vorzulegen. Nat\u00fcrlich kann der Dauerauftrag auch an einem Terminal der Bank oder per Onlinebanking eingerichtet werden.<\/strong><\/span><\/p>\n<p style=\"text-align: justify;\"><span style=\"color: #000000;\"><strong>Wir m\u00fcssen leider auf diesem geringen (symbolischen) Beitrag bestehen, da in allen Vereinen nur der Mitglied sein kann, wer einen Beitrag zahlt.<\/strong><\/span><\/p>\n<p style=\"text-align: justify;\"><span style=\"color: #000000;\">Herzliche Gr\u00fc\u00dfe<\/span><\/p>\n<p style=\"text-align: justify;\"><span style=\"color: #000000;\">Werner Schmidt<br \/>\n<\/span><\/p>\n<p style=\"text-align: justify;\">P.S.:<\/p>\n<p style=\"text-align: justify;\">Hier findet man die Formulare:<\/p>\n<ol>\n<li style=\"text-align: justify; padding-left: 30px;\"><a href=\"http:\/\/unser-niedersaubach.de\/Dokumente\/Unser-Niedersaubach\/Beitritt.pdf\" target=\"_blank\"><span style=\"color: #0000ff;\"><strong>Beitrittserkl\u00e4rung<\/strong><\/span><\/a><\/li>\n<li style=\"text-align: justify; padding-left: 30px;\"><a href=\"..\/\/Dokumente\/Unser-Niedersaubach\/Beitritt_Foerdermitgliedschaft.pdf\" target=\"_blank\"><span style=\"color: #0000ff;\"><strong>F\u00f6rdermitgliedschaft, Beitrittserkl\u00e4rung<\/strong><\/span><\/a><\/li>\n<li style=\"text-align: justify; padding-left: 30px;\"><a href=\"..\/\/Dokumente\/Unser-Niedersaubach\/Dauerauftrag.pdf\" target=\"_blank\"><span style=\"color: #0000ff;\"><strong>Dauerauftrag<\/strong><\/span><\/a><\/li>\n<li style=\"text-align: justify; padding-left: 30px;\"><a href=\"\/Dokumente\/Unser-Niedersaubach\/Muster.pdf\" target=\"_blank\"><span style=\"color: #0000ff;\"><strong>Dauerauftrag, Muster<\/strong><\/span><\/a><\/li>\n<\/ol>\n<p style=\"text-align: justify;\">\n","protected":false},"excerpt":{"rendered":"<p>Liebe Mitglieder und die, welche es noch werden wollen, wie ich euch bereits ank\u00fcndigte, wollen wir ab dem neuen Gesch\u00e4ftsjahr die Mitgliedsbeitr\u00e4ge per Dauerauftrag erheben. Den Teilnehmern an der Generalversammlung habe ich das Verfahren erl\u00e4utert und ihnen ein Formular ausgeh\u00e4ndigt, &hellip; <a href=\"https:\/\/unser-niedersaubach.de\/?page_id=7158\">Weiterlesen <span class=\"meta-nav\">&rarr;<\/span><\/a><\/p>\n","protected":false},"author":2,"featured_media":0,"parent":2,"menu_order":10,"comment_status":"closed","ping_status":"closed","template":"","meta":{"ngg_post_thumbnail":0,"footnotes":""},"class_list":["post-7158","page","type-page","status-publish","hentry"],"_links":{"self":[{"href":"https:\/\/unser-niedersaubach.de\/index.php?rest_route=\/wp\/v2\/pages\/7158","targetHints":{"allow":["GET"]}}],"collection":[{"href":"https:\/\/unser-niedersaubach.de\/index.php?rest_route=\/wp\/v2\/pages"}],"about":[{"href":"https:\/\/unser-niedersaubach.de\/index.php?rest_route=\/wp\/v2\/types\/page"}],"author":[{"embeddable":true,"href":"https:\/\/unser-niedersaubach.de\/index.php?rest_route=\/wp\/v2\/users\/2"}],"replies":[{"embeddable":true,"href":"https:\/\/unser-niedersaubach.de\/index.php?rest_route=%2Fwp%2Fv2%2Fcomments&post=7158"}],"version-history":[{"count":2,"href":"https:\/\/unser-niedersaubach.de\/index.php?rest_route=\/wp\/v2\/pages\/7158\/revisions"}],"predecessor-version":[{"id":7161,"href":"https:\/\/unser-niedersaubach.de\/index.php?rest_route=\/wp\/v2\/pages\/7158\/revisions\/7161"}],"up":[{"embeddable":true,"href":"https:\/\/unser-niedersaubach.de\/index.php?rest_route=\/wp\/v2\/pages\/2"}],"wp:attachment":[{"href":"https:\/\/unser-niedersaubach.de\/index.php?rest_route=%2Fwp%2Fv2%2Fmedia&parent=7158"}],"curies":[{"name":"wp","href":"https:\/\/api.w.org\/{rel}","templated":true}]}}