{"id":898,"date":"2009-08-24T15:21:34","date_gmt":"2009-08-24T14:21:34","guid":{"rendered":"http:\/\/unser-niedersaubach.de\/?page_id=898"},"modified":"2018-05-21T16:08:06","modified_gmt":"2018-05-21T15:08:06","slug":"sv-niedersaubach-1959-e-v","status":"publish","type":"page","link":"https:\/\/unser-niedersaubach.de\/?page_id=898","title":{"rendered":"SV Niedersaubach 1959"},"content":{"rendered":"<p style=\"text-align: justify;\"><span style=\"color: #000000;\">2009 ist\u00a0der Sportverein Niedersaubach 50 Jahre alt geworden.<\/span><\/p>\n<p style=\"text-align: justify;\"><span style=\"color: #000000;\">Zur Jubil\u00e4umsfeier vom 26. bis zum 28. Juni hat er eine Festschrift herausgegeben, in der die wichtigsten Etappen seiner Geschichte festgehalten hat.<\/span><\/p>\n<p style=\"text-align: justify;\"><span style=\"color: #000000;\">Der amtierende Vorsitzende, Edmund Bohlen, hat deren Ver\u00f6ffentlichung auf unserer Homepage autorisiert.<\/span><\/p>\n<p><strong><span style=\"color: #0000ff;\"><a class=\"wpGallery\" title=\"1, Mannschaft 1963\/ 64\" href=\"http:\/\/unser-niedersaubach.de\/Dokumente\/SVN\/svn_2009.pdf\" target=\"_blank\" rel=\"noopener\">Die Festschrift ist hier als PDF-Dokument hinterlegt (einfach anklicken, um zum Dokument zu gelangen).<\/a><\/span><\/strong><\/p>\n<div style=\"width: 474px\" class=\"wp-caption aligncenter\"><a title=\"1. Mannschaft 1963\/ 64\" href=\"..\/Dokumente\/SVN\/svn_2009.pdf\" target=\"_blank\" rel=\"noopener\"><img loading=\"lazy\" decoding=\"async\" class=\" \" title=\"Mannschaft_1963-1964\" src=\"..\/wp-content\/uploads\/2009\/08\/Mannschaft_1963-1964.jpg\" alt=\"1. Mannschaft in Lebach auf den Theelwiesen in der Spielsaison 1963\/ 64\" width=\"464\" height=\"304\" \/><\/a><p class=\"wp-caption-text\">1. Mannschaft in Lebach auf den Theelwiesen in der Spielsaison 1963\/ 64<\/p><\/div>\n<p style=\"padding-left: 30px; text-align: justify;\"><span style=\"color: #000000;\"><em><span style=\"text-decoration: underline;\">stehend von links nach rechts:<\/span> Egon Koch, Paul Mattick, Alfons Kr\u00e4mer, Arnold Schaefer, Peter Rohne, Ludwig Reiher, Georg Jung, Alois Krohn, Paul J\u00e4ckel<span style=\"text-decoration: underline;\"><br \/>\nkniend von links nach rechts:<\/span> Harald Wender, Ewald Breuer, Josef Scherer, Berthold Feld, Hans-J\u00fcrgen Mattick<\/em><\/span><\/p>\n<p style=\"text-align: justify;\"><span style=\"color: #000000;\">Auch die Festschrift vom Juli 1984 ist durch gl\u00fcckliche Umst\u00e4nde wieder aufgetaucht; Anton Br\u00fcck (Br\u00fccks Tunn, Siedlung) hatte sie aufbewahrt und uns freundlicherweise zwecks Ver\u00f6ffentlichung zur Verf\u00fcgung gestellt.<\/span><\/p>\n<div id=\"attachment_2042\" style=\"width: 460px\" class=\"wp-caption aligncenter\"><a class=\"wpGallery\" title=\"Festschrift SVN 1984\" href=\"http:\/\/unser-niedersaubach.de\/?p=2022\" target=\"_self\"><img loading=\"lazy\" decoding=\"async\" aria-describedby=\"caption-attachment-2042\" class=\"size-full wp-image-2042\" title=\"svn_Festschrift_1984\" src=\"http:\/\/unser-niedersaubach.de\/wp-content\/uploads\/2009\/08\/svn_Festschrift_1984.jpg\" alt=\"\" width=\"450\" height=\"638\" srcset=\"https:\/\/unser-niedersaubach.de\/wp-content\/uploads\/2009\/08\/svn_Festschrift_1984.jpg 450w, https:\/\/unser-niedersaubach.de\/wp-content\/uploads\/2009\/08\/svn_Festschrift_1984-211x300.jpg 211w\" sizes=\"auto, (max-width: 450px) 100vw, 450px\" \/><\/a><p id=\"caption-attachment-2042\" class=\"wp-caption-text\">Festschrift zum 25-j\u00e4hrigen Stiftungsfest im Juli 1984, Archiv: Anton Br\u00fcck (Br\u00fcck Tunn, Siedlung)<\/p><\/div>\n<p><span style=\"color: #000000;\">Lothar Schmidt<\/span><\/p>\n<p style=\"text-align: center;\">\n","protected":false},"excerpt":{"rendered":"<p>2009 ist\u00a0der Sportverein Niedersaubach 50 Jahre alt geworden. Zur Jubil\u00e4umsfeier vom 26. bis zum 28. Juni hat er eine Festschrift herausgegeben, in der die wichtigsten Etappen seiner Geschichte festgehalten hat. Der amtierende Vorsitzende, Edmund Bohlen, hat deren Ver\u00f6ffentlichung auf unserer &hellip; <a href=\"https:\/\/unser-niedersaubach.de\/?page_id=898\">Weiterlesen <span class=\"meta-nav\">&rarr;<\/span><\/a><\/p>\n","protected":false},"author":2,"featured_media":0,"parent":50,"menu_order":8,"comment_status":"closed","ping_status":"closed","template":"","meta":{"ngg_post_thumbnail":0,"footnotes":""},"class_list":["post-898","page","type-page","status-publish","hentry"],"_links":{"self":[{"href":"https:\/\/unser-niedersaubach.de\/index.php?rest_route=\/wp\/v2\/pages\/898","targetHints":{"allow":["GET"]}}],"collection":[{"href":"https:\/\/unser-niedersaubach.de\/index.php?rest_route=\/wp\/v2\/pages"}],"about":[{"href":"https:\/\/unser-niedersaubach.de\/index.php?rest_route=\/wp\/v2\/types\/page"}],"author":[{"embeddable":true,"href":"https:\/\/unser-niedersaubach.de\/index.php?rest_route=\/wp\/v2\/users\/2"}],"replies":[{"embeddable":true,"href":"https:\/\/unser-niedersaubach.de\/index.php?rest_route=%2Fwp%2Fv2%2Fcomments&post=898"}],"version-history":[{"count":19,"href":"https:\/\/unser-niedersaubach.de\/index.php?rest_route=\/wp\/v2\/pages\/898\/revisions"}],"predecessor-version":[{"id":7699,"href":"https:\/\/unser-niedersaubach.de\/index.php?rest_route=\/wp\/v2\/pages\/898\/revisions\/7699"}],"up":[{"embeddable":true,"href":"https:\/\/unser-niedersaubach.de\/index.php?rest_route=\/wp\/v2\/pages\/50"}],"wp:attachment":[{"href":"https:\/\/unser-niedersaubach.de\/index.php?rest_route=%2Fwp%2Fv2%2Fmedia&parent=898"}],"curies":[{"name":"wp","href":"https:\/\/api.w.org\/{rel}","templated":true}]}}